{"id":3228,"date":"2024-07-15T17:19:04","date_gmt":"2024-07-15T22:19:04","guid":{"rendered":"https:\/\/elcomercioenlinea.com\/index.php\/producto\/amplificador-ayuda-auditiva-para-sordos\/"},"modified":"2024-07-15T18:28:34","modified_gmt":"2024-07-15T23:28:34","slug":"amplificador-ayuda-auditiva-para-sordos","status":"publish","type":"product","link":"https:\/\/elcomercioenlinea.com\/index.php\/producto\/amplificador-ayuda-auditiva-para-sordos\/","title":{"rendered":"Amplificador Ayuda Auditiva Para Sordos"},"content":{"rendered":"<p>AMPLIFICADOR DE AUDICI\u00d3N AYUDA DIGITAL PERSONAL SOUND AMPLIFIER DISPOSITIVOS PARA PERSONAS CON SORDERA<\/p>\n<p>Excelente estructura: este aud\u00edfono digital est\u00e1 dise\u00f1ado con tecnolog\u00eda avanzada de compresi\u00f3n de chip y retroalimentaci\u00f3n de compresi\u00f3n, que puede proporcionarte un sonido claro y natural. El dise\u00f1o intraural garantiza la mejor calidad de sonido sin causar p\u00e9rdida de transmisi\u00f3n<\/p>\n<p>Mejora tu audici\u00f3n: este es un aud\u00edfono BTE que es f\u00e1cil de llevar. El volumen se puede ajustar a trav\u00e9s de la perilla, y la potencia es media, adecuado para pacientes con p\u00e9rdida de audici\u00f3n leve a moderada. Con 4 modos de amplificaci\u00f3n ajustables y funci\u00f3n de reducci\u00f3n de ruido activa, puede amplificar la voz mientras reduce el ruido de fondo innecesario, aportando as\u00ed una experiencia auditiva clara<\/p>\n<p>Ligero y c\u00f3modo: este aud\u00edfono adopta un dise\u00f1o peque\u00f1o, ligero y f\u00e1cil de usar. Su dise\u00f1o de contorno te permite llevarlo suave y c\u00f3modamente detr\u00e1s de tus orejas. Es un compa\u00f1ero auditivo ideal para personas con discapacidad auditiva que escuchan m\u00fasica, hablan o miran. Y el dise\u00f1o exterior expuesto se puede integrar perfectamente con tu piel para ocultarla en la mayor medida<\/p>\n<p>F\u00e1cil de usar: cuando se utiliza la bater\u00eda de zinc-aire A675, necesitas quitar la pegatina en el electrodo positivo de la bater\u00eda y dejar reposar durante 1 \u2013 2 minutos. Pon la bater\u00eda en el compartimento de la bater\u00eda de acuerdo con la marca de polaridad en el aud\u00edfono. Despu\u00e9s de cerrar el compartimento de la bater\u00eda, gira el interruptor a la posici\u00f3n \u00abN\u00bb, y el aud\u00edfono comenzar\u00e1 a funcionar. Cuando el aud\u00edfono no est\u00e9 en uso, simplemente retira la bater\u00eda<\/p>\n<p>Importante: las almohadillas para orejas deben colocarse para encajar c\u00f3modamente en el canal auditivo, de lo contrario habr\u00e1 ruido de retroalimentaci\u00f3n. la importancia de los amplificadores de audici\u00f3n ajustados, por lo tanto, hemos incluido cada amplificador de audici\u00f3n con 3 almohadillas de diferentes tama\u00f1os. Te animamos a probar los tres para decidir qu\u00e9 tama\u00f1o se adapta mejor a tus o\u00eddos. Si tienes alguna dificultad con tus amplificadores auditivos, el primer paso debe ser reemplazar las pilas.<\/p>\n<p>Ajustable para adaptarse a cualquier oreja. !<br \/>\nDise\u00f1ado por el audi\u00f3logo es f\u00e1cil, duradero y c\u00f3modo de llevar.<br \/>\nEs super mini tama\u00f1o y peso ligero, no se puede ver f\u00e1cilmente; ajustar el volumen al m\u00ednimo antes de usar; aumentar el volumen gradualmente para evitar un aumento repentino de sonido;<br \/>\nNuestros amplificadores de sonido de reducci\u00f3n de ruido est\u00e1n listos para usar directamente fuera de la caja sin prescripci\u00f3n o montaje requerido.<\/p>\n<p>El amplificador auditivo ayuda a mejorar la inteligibilidad del habla, aumenta su confianza<\/p>\n<p>Super mini amplificadores auditivos que se pueden ocultar en el o\u00eddo e invisible.<\/p>\n<p>los amplificadores auditivos ayudan a retener las voces y mejorar su audici\u00f3n<\/p>\n<p>Un interruptor de tecla, una tecla para ajustar el volumen, puede utilizar la barra de ajuste para cambiar el volumen seg\u00fan lo necesite.<\/p>\n<p>escuchar en sonido superior con un amplificador de sonido de reducci\u00f3n de ruido.<\/p>\n<p>Bater\u00eda de m\u00e1s de 320 horas, bater\u00eda Premium UK con mayor vida \u00fatil disponible en la industria de amplificadores auditivos.<br \/>\nEl dispositivo tiene una funci\u00f3n de reducci\u00f3n de ruido que crea un sello ac\u00fastico para ayudar a eliminar el ruido de fondo.<br \/>\nAud\u00edfonos intercambiables, se ajustan c\u00f3modamente a la oreja derecha e izquierda.<br \/>\nReduce el ruido de fondo Podr\u00eda ayudarte a escuchar el sonido con claridad y voz alta.<\/p>\n<p>El paquete incluye:<br \/>\n1 amplificador de sonido.<br \/>\n2 pilas de zinc A675.<br \/>\n2 Almohadillas siliconadas<br \/>\n1 manual de instrucciones (idioma espa\u00f1ol no garantizado).<\/p>\n<p>&nbsp;<\/p>\n","protected":false},"excerpt":{"rendered":"<p>AMPLIFICADOR DE AUDICI\u00d3N AYUDA DIGITAL PERSONAL SOUND AMPLIFIER DISPOSITIVOS PARA PERSONAS CON SORDERA Excelente estructura: este aud\u00edfono digital est\u00e1 dise\u00f1ado con tecnolog\u00eda avanzada de compresi\u00f3n de chip y retroalimentaci\u00f3n de compresi\u00f3n, que puede proporcionarte un sonido claro y natural. El dise\u00f1o intraural garantiza la mejor calidad de sonido sin causar p\u00e9rdida de transmisi\u00f3n Mejora tu [&hellip;]<\/p>\n","protected":false},"featured_media":3229,"template":"","meta":[],"product_brand":[],"product_cat":[49,18],"product_tag":[],"class_list":{"0":"post-3228","1":"product","2":"type-product","3":"status-publish","4":"has-post-thumbnail","6":"product_cat-salud","7":"product_cat-tecnologia","9":"first","10":"instock","11":"shipping-taxable","12":"purchasable","13":"product-type-simple"},"featured_image_urls":{"full":["https:\/\/elcomercioenlinea.com\/wp-content\/uploads\/2024\/07\/343978.png",1000,1000,false],"thumbnail":["https:\/\/elcomercioenlinea.com\/wp-content\/uploads\/2024\/07\/343978-150x150.png",150,150,true],"medium":["https:\/\/elcomercioenlinea.com\/wp-content\/uploads\/2024\/07\/343978-300x300.png",300,300,true],"medium_large":["https:\/\/elcomercioenlinea.com\/wp-content\/uploads\/2024\/07\/343978-768x768.png",768,768,true],"large":["https:\/\/elcomercioenlinea.com\/wp-content\/uploads\/2024\/07\/343978.png",1000,1000,false],"1536x1536":["https:\/\/elcomercioenlinea.com\/wp-content\/uploads\/2024\/07\/343978.png",1000,1000,false],"2048x2048":["https:\/\/elcomercioenlinea.com\/wp-content\/uploads\/2024\/07\/343978.png",1000,1000,false],"woocommerce_archive_thumbnail":["https:\/\/elcomercioenlinea.com\/wp-content\/uploads\/2024\/07\/343978-300x300.png",300,300,true],"woocommerce_thumbnail":["https:\/\/elcomercioenlinea.com\/wp-content\/uploads\/2024\/07\/343978-300x300.png",300,300,true],"woocommerce_single":["https:\/\/elcomercioenlinea.com\/wp-content\/uploads\/2024\/07\/343978-600x600.png",600,600,true],"woocommerce_gallery_thumbnail":["https:\/\/elcomercioenlinea.com\/wp-content\/uploads\/2024\/07\/343978-100x100.png",100,100,true]},"post_excerpt_stackable":"<p>AMPLIFICADOR DE AUDICI\u00d3N AYUDA DIGITAL PERSONAL SOUND AMPLIFIER DISPOSITIVOS PARA PERSONAS CON SORDERA Excelente estructura: este aud\u00edfono digital est\u00e1 dise\u00f1ado con tecnolog\u00eda avanzada de compresi\u00f3n de chip y retroalimentaci\u00f3n de compresi\u00f3n, que puede proporcionarte un sonido claro y natural. El dise\u00f1o intraural garantiza la mejor calidad de sonido sin causar p\u00e9rdida de transmisi\u00f3n Mejora tu audici\u00f3n: este es un aud\u00edfono BTE que es f\u00e1cil de llevar. El volumen se puede ajustar a trav\u00e9s de la perilla, y la potencia es media, adecuado para pacientes con p\u00e9rdida de audici\u00f3n leve a moderada. Con 4 modos de amplificaci\u00f3n ajustables y funci\u00f3n de&hellip;<\/p>\n","category_list":"","author_info":{"name":"","url":""},"comments_num":"0 comentarios","jetpack_sharing_enabled":true,"_links":{"self":[{"href":"https:\/\/elcomercioenlinea.com\/index.php\/wp-json\/wp\/v2\/product\/3228","targetHints":{"allow":["GET"]}}],"collection":[{"href":"https:\/\/elcomercioenlinea.com\/index.php\/wp-json\/wp\/v2\/product"}],"about":[{"href":"https:\/\/elcomercioenlinea.com\/index.php\/wp-json\/wp\/v2\/types\/product"}],"wp:featuredmedia":[{"embeddable":true,"href":"https:\/\/elcomercioenlinea.com\/index.php\/wp-json\/wp\/v2\/media\/3229"}],"wp:attachment":[{"href":"https:\/\/elcomercioenlinea.com\/index.php\/wp-json\/wp\/v2\/media?parent=3228"}],"wp:term":[{"taxonomy":"product_brand","embeddable":true,"href":"https:\/\/elcomercioenlinea.com\/index.php\/wp-json\/wp\/v2\/product_brand?post=3228"},{"taxonomy":"product_cat","embeddable":true,"href":"https:\/\/elcomercioenlinea.com\/index.php\/wp-json\/wp\/v2\/product_cat?post=3228"},{"taxonomy":"product_tag","embeddable":true,"href":"https:\/\/elcomercioenlinea.com\/index.php\/wp-json\/wp\/v2\/product_tag?post=3228"}],"curies":[{"name":"wp","href":"https:\/\/api.w.org\/{rel}","templated":true}]}}