{"id":3236,"date":"2024-07-15T18:42:19","date_gmt":"2024-07-15T23:42:19","guid":{"rendered":"https:\/\/elcomercioenlinea.com\/index.php\/producto\/repetidor-amplificador-de-wifi-300-mbps\/"},"modified":"2024-07-15T18:49:24","modified_gmt":"2024-07-15T23:49:24","slug":"repetidor-amplificador-de-wifi-300-mbps","status":"publish","type":"product","link":"https:\/\/elcomercioenlinea.com\/index.php\/producto\/repetidor-amplificador-de-wifi-300-mbps\/","title":{"rendered":"Repetidor Amplificador De Wifi"},"content":{"rendered":"<p>Super f\u00e1cil configuraci\u00f3n desde tu celular, olvidate de pagar costosos t\u00e9cnicos, gracias a su software gr\u00e1fico que te lleva paso a paso, observa la segunda imagen de la publicaci\u00f3n, adem\u00e1s de que te damos asesor\u00eda si algo se dificulta<\/p>\n<p>Repetidor Wifi Inal\u00e1mbrico Amplificador Se\u00f1al 300mbps :<\/p>\n<p>&#8211; Alta velocidad: la extensi\u00f3n de la red inal\u00e1mbrica existe a un \u00e1rea de dif\u00edcil acceso con una velocidad de hasta 300 Mbps, creando una red de alta velocidad, de largo alcance y estable.<\/p>\n<p>&#8211; Plug and Play: f\u00e1cil de instalar y usar. Dise\u00f1ado con movilidad y portabilidad, peque\u00f1o gadget con gran valor, ideal para el hogar, empresa y viajes en uso.<\/p>\n<p>&#8211; Bot\u00f3n WPS: se puede configurar en tu tel\u00e9fono\/iPhone\/tableta\/port\u00e1til\/PC en 5 minutos. Simplemente pulsa el bot\u00f3n WPS para obtener un cifrado seguro. Compatible con los m\u00e9todos de cifrado WEP, WPA, WPA2, WPA\/WPA2 para evitar el acceso y la supervisi\u00f3n no autorizados.<\/p>\n<p>&#8211; Alta compatibilidad: el puerto Ethernet permite que el extensor funcione como un adaptador inal\u00e1mbrico para conectar dispositivos con cable, compatible con dispositivos 802.11n\/g\/b, funciona con cualquier red inal\u00e1mbrica, enrutador y dispositivos habilitados para Wi-Fi, incluyendo Smartphone, iPhone, iPad, tableta, ordenador port\u00e1til, escritorio, Smart TV, TV BOX, etc.<\/p>\n<p>&#8211; Modo de trabajo: modo repetidor para un mayor rendimiento inal\u00e1mbrico y cobertura y modo AP que crea un nuevo punto de acceso WiFi.<\/p>\n<p>&#8211; 2 modos de funcionamiento: modo repetidor (aumenta el rango de wifi existente para cubrir \u00e1reas m\u00e1s grandes) y modo AP (crea un punto de acceso inal\u00e1mbrico para m\u00e1s dispositivos).<\/p>\n<p>&#8211; Sin zonas muertas de red: chip integrado y antenas integradas, este extensor wifi puede ampliar f\u00e1cilmente tu rango wifi y eliminar tus puntos muertos wifi.<br \/>\nCompatibilidad universal: este peque\u00f1o extensor cumple con el est\u00e1ndar IEEE 802.11b\/g\/n, funciona con toda la red de 2,4 GHz y tiene una gran capacidad de pasar a trav\u00e9s de la pared.<\/p>\n<p>&#8211; Funci\u00f3n WPS: Este repetidor wifi soporta conexi\u00f3n WPS, un toque para conectar.<\/p>\n<p>&#8211; F\u00e1cil configuraci\u00f3n y conexi\u00f3n estable: dise\u00f1ado para todos los clientes con o sin conocimientos tecnol\u00f3gicos. Siga las instrucciones y puede hacerlo funcionar en 5 minutos.<\/p>\n<p>&#8211; Compatibilidad universal: el amplificador WiFi es compatible con cualquier router o punto de acceso, por lo que es f\u00e1cil de ampliar y fortalecer tu red en 2,4 G, incluso a medida que cambia con el tiempo. Aumenta tu rango de red existente. Este repetidor Wifi es peque\u00f1o y discreto, f\u00e1cil de combinar con la decoraci\u00f3n de tu hogar.<\/p>\n<p>&#8211; F\u00e1cil de instalar y configurar: modo repetidor de bot\u00f3n WPS, modo AP. El modo repetidor es para ampliar la cobertura WiFi de una red inal\u00e1mbrica existente. El modo AP es para cubrir una red cableada a una red inal\u00e1mbrica. Habilite varios dispositivos para compartirlo.<\/p>\n","protected":false},"excerpt":{"rendered":"<p>Super f\u00e1cil configuraci\u00f3n desde tu celular, olvidate de pagar costosos t\u00e9cnicos, gracias a su software gr\u00e1fico que te lleva paso a paso, observa la segunda imagen de la publicaci\u00f3n, adem\u00e1s de que te damos asesor\u00eda si algo se dificulta Repetidor Wifi Inal\u00e1mbrico Amplificador Se\u00f1al 300mbps : &#8211; Alta velocidad: la extensi\u00f3n de la red inal\u00e1mbrica [&hellip;]<\/p>\n","protected":false},"featured_media":3237,"template":"","meta":[],"product_brand":[],"product_cat":[17,18],"product_tag":[],"class_list":{"0":"post-3236","1":"product","2":"type-product","3":"status-publish","4":"has-post-thumbnail","6":"product_cat-hogar","7":"product_cat-tecnologia","9":"first","10":"instock","11":"sale","12":"shipping-taxable","13":"purchasable","14":"product-type-simple"},"featured_image_urls":{"full":["https:\/\/elcomercioenlinea.com\/wp-content\/uploads\/2024\/07\/133804.png",1050,1108,false],"thumbnail":["https:\/\/elcomercioenlinea.com\/wp-content\/uploads\/2024\/07\/133804-150x150.png",150,150,true],"medium":["https:\/\/elcomercioenlinea.com\/wp-content\/uploads\/2024\/07\/133804-284x300.png",284,300,true],"medium_large":["https:\/\/elcomercioenlinea.com\/wp-content\/uploads\/2024\/07\/133804-768x810.png",768,810,true],"large":["https:\/\/elcomercioenlinea.com\/wp-content\/uploads\/2024\/07\/133804-970x1024.png",970,1024,true],"1536x1536":["https:\/\/elcomercioenlinea.com\/wp-content\/uploads\/2024\/07\/133804.png",1050,1108,false],"2048x2048":["https:\/\/elcomercioenlinea.com\/wp-content\/uploads\/2024\/07\/133804.png",1050,1108,false],"woocommerce_archive_thumbnail":["https:\/\/elcomercioenlinea.com\/wp-content\/uploads\/2024\/07\/133804-300x317.png",300,317,true],"woocommerce_thumbnail":["https:\/\/elcomercioenlinea.com\/wp-content\/uploads\/2024\/07\/133804-300x300.png",300,300,true],"woocommerce_single":["https:\/\/elcomercioenlinea.com\/wp-content\/uploads\/2024\/07\/133804-600x633.png",600,633,true],"woocommerce_gallery_thumbnail":["https:\/\/elcomercioenlinea.com\/wp-content\/uploads\/2024\/07\/133804-100x100.png",100,100,true]},"post_excerpt_stackable":"<p>Super f\u00e1cil configuraci\u00f3n desde tu celular, olvidate de pagar costosos t\u00e9cnicos, gracias a su software gr\u00e1fico que te lleva paso a paso, observa la segunda imagen de la publicaci\u00f3n, adem\u00e1s de que te damos asesor\u00eda si algo se dificulta Repetidor Wifi Inal\u00e1mbrico Amplificador Se\u00f1al 300mbps : &#8211; Alta velocidad: la extensi\u00f3n de la red inal\u00e1mbrica existe a un \u00e1rea de dif\u00edcil acceso con una velocidad de hasta 300 Mbps, creando una red de alta velocidad, de largo alcance y estable. &#8211; Plug and Play: f\u00e1cil de instalar y usar. Dise\u00f1ado con movilidad y portabilidad, peque\u00f1o gadget con gran valor, ideal&hellip;<\/p>\n","category_list":"","author_info":{"name":"","url":""},"comments_num":"0 comentarios","jetpack_sharing_enabled":true,"_links":{"self":[{"href":"https:\/\/elcomercioenlinea.com\/index.php\/wp-json\/wp\/v2\/product\/3236","targetHints":{"allow":["GET"]}}],"collection":[{"href":"https:\/\/elcomercioenlinea.com\/index.php\/wp-json\/wp\/v2\/product"}],"about":[{"href":"https:\/\/elcomercioenlinea.com\/index.php\/wp-json\/wp\/v2\/types\/product"}],"wp:featuredmedia":[{"embeddable":true,"href":"https:\/\/elcomercioenlinea.com\/index.php\/wp-json\/wp\/v2\/media\/3237"}],"wp:attachment":[{"href":"https:\/\/elcomercioenlinea.com\/index.php\/wp-json\/wp\/v2\/media?parent=3236"}],"wp:term":[{"taxonomy":"product_brand","embeddable":true,"href":"https:\/\/elcomercioenlinea.com\/index.php\/wp-json\/wp\/v2\/product_brand?post=3236"},{"taxonomy":"product_cat","embeddable":true,"href":"https:\/\/elcomercioenlinea.com\/index.php\/wp-json\/wp\/v2\/product_cat?post=3236"},{"taxonomy":"product_tag","embeddable":true,"href":"https:\/\/elcomercioenlinea.com\/index.php\/wp-json\/wp\/v2\/product_tag?post=3236"}],"curies":[{"name":"wp","href":"https:\/\/api.w.org\/{rel}","templated":true}]}}