{"id":3248,"date":"2024-07-15T19:42:49","date_gmt":"2024-07-16T00:42:49","guid":{"rendered":"https:\/\/elcomercioenlinea.com\/index.php\/producto\/humidificador-luna\/"},"modified":"2024-07-15T19:45:58","modified_gmt":"2024-07-16T00:45:58","slug":"humidificador-luna","status":"publish","type":"product","link":"https:\/\/elcomercioenlinea.com\/index.php\/producto\/humidificador-luna\/","title":{"rendered":"HUMIDIFICADOR LUNA"},"content":{"rendered":"<p>Este incre\u00edble difusor de aromas l\u00e1mpara en forma de luna, es ideal ya que puedes decorar cualquier lugar, para tener una fuente de luz amplia y poderosa a la mano y un aroma delicioso sin preocupaciones de espacio o de pilas ya que se conecta de una manera muy f\u00e1cil con su cargador USB incluido.<\/p>\n<p>Adem\u00e1s, cuenta con un sistema incluido t\u00e1ctil para cambiar su color y ponerla en cualquier superficie que desees, incluyendo un bot\u00f3n para prender su funcionamiento, su puerto de carga y cable USB, y una base de madera desarmable para que puedas colocar tu humificador de forma segura en cualquier lugar.<\/p>\n<p>CARACTER\u00cdSTICAS:<\/p>\n<p>Medida HUMIFICADOR:<br \/>\n-13cm de di\u00e1metro<\/p>\n<p>Medida PARTES MADERA DE BASE (x4)<br \/>\n-7cm de largo<br \/>\n-1,5cm de ancho<\/p>\n<p>-Multicolor<br \/>\n-Tecnolog\u00eda t\u00e1ctil<br \/>\n-Compartimento para agua y esencias<br \/>\n-Fuente de luz poderosa.<br \/>\n-Paneles LED incrustados.<br \/>\n-Materiales:<br \/>\n*pl\u00e1stico<br \/>\n*Madera<br \/>\n-Modelo:WO-1<br \/>\n-Carga corriente cable USB<\/p>\n<p>CONTENIDO DEL EMPAQUE:<br \/>\n1x L\u00e1mpara luna difusora<br \/>\n4x Soportes de base armables<br \/>\n1x Cable USB<br \/>\n1x Caja de empaque<\/p>\n","protected":false},"excerpt":{"rendered":"<p>Este incre\u00edble difusor de aromas l\u00e1mpara en forma de luna, es ideal ya que puedes decorar cualquier lugar, para tener una fuente de luz amplia y poderosa a la mano y un aroma delicioso sin preocupaciones de espacio o de pilas ya que se conecta de una manera muy f\u00e1cil con su cargador USB incluido. [&hellip;]<\/p>\n","protected":false},"featured_media":3249,"template":"","meta":[],"product_brand":[],"product_cat":[17,18],"product_tag":[],"class_list":{"0":"post-3248","1":"product","2":"type-product","3":"status-publish","4":"has-post-thumbnail","6":"product_cat-hogar","7":"product_cat-tecnologia","9":"first","10":"instock","11":"shipping-taxable","12":"purchasable","13":"product-type-simple"},"featured_image_urls":{"full":["https:\/\/elcomercioenlinea.com\/wp-content\/uploads\/2024\/07\/772270.png",962,984,false],"thumbnail":["https:\/\/elcomercioenlinea.com\/wp-content\/uploads\/2024\/07\/772270-150x150.png",150,150,true],"medium":["https:\/\/elcomercioenlinea.com\/wp-content\/uploads\/2024\/07\/772270-293x300.png",293,300,true],"medium_large":["https:\/\/elcomercioenlinea.com\/wp-content\/uploads\/2024\/07\/772270-768x786.png",768,786,true],"large":["https:\/\/elcomercioenlinea.com\/wp-content\/uploads\/2024\/07\/772270.png",962,984,false],"1536x1536":["https:\/\/elcomercioenlinea.com\/wp-content\/uploads\/2024\/07\/772270.png",962,984,false],"2048x2048":["https:\/\/elcomercioenlinea.com\/wp-content\/uploads\/2024\/07\/772270.png",962,984,false],"woocommerce_archive_thumbnail":["https:\/\/elcomercioenlinea.com\/wp-content\/uploads\/2024\/07\/772270-300x307.png",300,307,true],"woocommerce_thumbnail":["https:\/\/elcomercioenlinea.com\/wp-content\/uploads\/2024\/07\/772270-300x300.png",300,300,true],"woocommerce_single":["https:\/\/elcomercioenlinea.com\/wp-content\/uploads\/2024\/07\/772270-600x614.png",600,614,true],"woocommerce_gallery_thumbnail":["https:\/\/elcomercioenlinea.com\/wp-content\/uploads\/2024\/07\/772270-100x100.png",100,100,true]},"post_excerpt_stackable":"<p>Este incre\u00edble difusor de aromas l\u00e1mpara en forma de luna, es ideal ya que puedes decorar cualquier lugar, para tener una fuente de luz amplia y poderosa a la mano y un aroma delicioso sin preocupaciones de espacio o de pilas ya que se conecta de una manera muy f\u00e1cil con su cargador USB incluido. Adem\u00e1s, cuenta con un sistema incluido t\u00e1ctil para cambiar su color y ponerla en cualquier superficie que desees, incluyendo un bot\u00f3n para prender su funcionamiento, su puerto de carga y cable USB, y una base de madera desarmable para que puedas colocar tu humificador de&hellip;<\/p>\n","category_list":"","author_info":{"name":"","url":""},"comments_num":"0 comentarios","jetpack_sharing_enabled":true,"_links":{"self":[{"href":"https:\/\/elcomercioenlinea.com\/index.php\/wp-json\/wp\/v2\/product\/3248","targetHints":{"allow":["GET"]}}],"collection":[{"href":"https:\/\/elcomercioenlinea.com\/index.php\/wp-json\/wp\/v2\/product"}],"about":[{"href":"https:\/\/elcomercioenlinea.com\/index.php\/wp-json\/wp\/v2\/types\/product"}],"wp:featuredmedia":[{"embeddable":true,"href":"https:\/\/elcomercioenlinea.com\/index.php\/wp-json\/wp\/v2\/media\/3249"}],"wp:attachment":[{"href":"https:\/\/elcomercioenlinea.com\/index.php\/wp-json\/wp\/v2\/media?parent=3248"}],"wp:term":[{"taxonomy":"product_brand","embeddable":true,"href":"https:\/\/elcomercioenlinea.com\/index.php\/wp-json\/wp\/v2\/product_brand?post=3248"},{"taxonomy":"product_cat","embeddable":true,"href":"https:\/\/elcomercioenlinea.com\/index.php\/wp-json\/wp\/v2\/product_cat?post=3248"},{"taxonomy":"product_tag","embeddable":true,"href":"https:\/\/elcomercioenlinea.com\/index.php\/wp-json\/wp\/v2\/product_tag?post=3248"}],"curies":[{"name":"wp","href":"https:\/\/api.w.org\/{rel}","templated":true}]}}