{"id":3251,"date":"2024-07-15T21:44:46","date_gmt":"2024-07-16T02:44:46","guid":{"rendered":"https:\/\/elcomercioenlinea.com\/index.php\/producto\/kit-cepillo-5-en-1-y-toalla-turbante-mic\/"},"modified":"2024-07-15T21:50:31","modified_gmt":"2024-07-16T02:50:31","slug":"kit-cepillo-5-en-1-y-toalla-turbante-mic","status":"publish","type":"product","link":"https:\/\/elcomercioenlinea.com\/index.php\/producto\/kit-cepillo-5-en-1-y-toalla-turbante-mic\/","title":{"rendered":"KIT CEPILLO 5 EN 1 Y TOALLA TURBANTE"},"content":{"rendered":"<p>\u00a1Transforma tu rutina de cuidado del cabello con el KIT CEPILLO 5 EN 1! Este innovador cepillo multifuncional es perfecto para rizar, alisar, secar y tratar tu cabello con facilidad. Con cinco accesorios intercambiables, puedes crear estilos deslumbrantes en cuesti\u00f3n de minutos, mientras proteges y cuidas tu cabello con tecnolog\u00eda avanzada que reduce el da\u00f1o y el frizz. Ideal para todo tipo de cabello, este kit es tu soluci\u00f3n todo en uno para un cabello fabuloso y saludable. \u00a1Haz tuyo el KIT CEPILLO 5 EN 1 y luce un cabello perfecto todos los d\u00edas!<\/p>\n","protected":false},"excerpt":{"rendered":"<p>\u00a1Transforma tu rutina de cuidado del cabello con el KIT CEPILLO 5 EN 1! Este innovador cepillo multifuncional es perfecto para rizar, alisar, secar y tratar tu cabello con facilidad. Con cinco accesorios intercambiables, puedes crear estilos deslumbrantes en cuesti\u00f3n de minutos, mientras proteges y cuidas tu cabello con tecnolog\u00eda avanzada que reduce el da\u00f1o [&hellip;]<\/p>\n","protected":false},"featured_media":3253,"template":"","meta":[],"product_brand":[],"product_cat":[102,18],"product_tag":[],"class_list":{"0":"post-3251","1":"product","2":"type-product","3":"status-publish","4":"has-post-thumbnail","6":"product_cat-belleza","7":"product_cat-tecnologia","9":"first","10":"instock","11":"sale","12":"shipping-taxable","13":"purchasable","14":"product-type-simple"},"featured_image_urls":{"full":["https:\/\/elcomercioenlinea.com\/wp-content\/uploads\/2024\/07\/861268.png",614,489,false],"thumbnail":["https:\/\/elcomercioenlinea.com\/wp-content\/uploads\/2024\/07\/861268-150x150.png",150,150,true],"medium":["https:\/\/elcomercioenlinea.com\/wp-content\/uploads\/2024\/07\/861268-300x239.png",300,239,true],"medium_large":["https:\/\/elcomercioenlinea.com\/wp-content\/uploads\/2024\/07\/861268.png",614,489,false],"large":["https:\/\/elcomercioenlinea.com\/wp-content\/uploads\/2024\/07\/861268.png",614,489,false],"1536x1536":["https:\/\/elcomercioenlinea.com\/wp-content\/uploads\/2024\/07\/861268.png",614,489,false],"2048x2048":["https:\/\/elcomercioenlinea.com\/wp-content\/uploads\/2024\/07\/861268.png",614,489,false],"woocommerce_archive_thumbnail":["https:\/\/elcomercioenlinea.com\/wp-content\/uploads\/2024\/07\/861268-300x239.png",300,239,true],"woocommerce_thumbnail":["https:\/\/elcomercioenlinea.com\/wp-content\/uploads\/2024\/07\/861268-300x300.png",300,300,true],"woocommerce_single":["https:\/\/elcomercioenlinea.com\/wp-content\/uploads\/2024\/07\/861268-600x478.png",600,478,true],"woocommerce_gallery_thumbnail":["https:\/\/elcomercioenlinea.com\/wp-content\/uploads\/2024\/07\/861268-100x100.png",100,100,true]},"post_excerpt_stackable":"<p>\u00a1Transforma tu rutina de cuidado del cabello con el KIT CEPILLO 5 EN 1! Este innovador cepillo multifuncional es perfecto para rizar, alisar, secar y tratar tu cabello con facilidad. Con cinco accesorios intercambiables, puedes crear estilos deslumbrantes en cuesti\u00f3n de minutos, mientras proteges y cuidas tu cabello con tecnolog\u00eda avanzada que reduce el da\u00f1o y el frizz. Ideal para todo tipo de cabello, este kit es tu soluci\u00f3n todo en uno para un cabello fabuloso y saludable. \u00a1Haz tuyo el KIT CEPILLO 5 EN 1 y luce un cabello perfecto todos los d\u00edas!<\/p>\n","category_list":"","author_info":{"name":"","url":""},"comments_num":"0 comentarios","jetpack_sharing_enabled":true,"_links":{"self":[{"href":"https:\/\/elcomercioenlinea.com\/index.php\/wp-json\/wp\/v2\/product\/3251","targetHints":{"allow":["GET"]}}],"collection":[{"href":"https:\/\/elcomercioenlinea.com\/index.php\/wp-json\/wp\/v2\/product"}],"about":[{"href":"https:\/\/elcomercioenlinea.com\/index.php\/wp-json\/wp\/v2\/types\/product"}],"wp:featuredmedia":[{"embeddable":true,"href":"https:\/\/elcomercioenlinea.com\/index.php\/wp-json\/wp\/v2\/media\/3253"}],"wp:attachment":[{"href":"https:\/\/elcomercioenlinea.com\/index.php\/wp-json\/wp\/v2\/media?parent=3251"}],"wp:term":[{"taxonomy":"product_brand","embeddable":true,"href":"https:\/\/elcomercioenlinea.com\/index.php\/wp-json\/wp\/v2\/product_brand?post=3251"},{"taxonomy":"product_cat","embeddable":true,"href":"https:\/\/elcomercioenlinea.com\/index.php\/wp-json\/wp\/v2\/product_cat?post=3251"},{"taxonomy":"product_tag","embeddable":true,"href":"https:\/\/elcomercioenlinea.com\/index.php\/wp-json\/wp\/v2\/product_tag?post=3251"}],"curies":[{"name":"wp","href":"https:\/\/api.w.org\/{rel}","templated":true}]}}