{"id":3272,"date":"2024-07-15T21:58:47","date_gmt":"2024-07-16T02:58:47","guid":{"rendered":"https:\/\/elcomercioenlinea.com\/index.php\/producto\/masajeador-body-innovation\/"},"modified":"2024-07-15T22:03:10","modified_gmt":"2024-07-16T03:03:10","slug":"masajeador-body-innovation","status":"publish","type":"product","link":"https:\/\/elcomercioenlinea.com\/index.php\/producto\/masajeador-body-innovation\/","title":{"rendered":"Masajeador Body Innovation"},"content":{"rendered":"<p>\u00a1Descubre el Masajeador Body Innovation y transforma tu bienestar en casa! Este dispositivo avanzado combina tecnolog\u00eda de vanguardia con un dise\u00f1o ergon\u00f3mico para ofrecer masajes profundos y relajantes en cualquier momento. Ideal para aliviar la tensi\u00f3n muscular, mejorar la circulaci\u00f3n y reducir el estr\u00e9s, el Masajeador Body Innovation es perfecto para cualquier persona que busque un alivio r\u00e1pido y efectivo. Con m\u00faltiples modos y configuraciones ajustables, personaliza tu experiencia de masaje seg\u00fan tus necesidades. No esperes m\u00e1s para disfrutar de los beneficios de un masaje profesional en la comodidad de tu hogar. \u00a1Tu cuerpo te lo agradecer\u00e1!<\/p>\n<ul>\n<li>Masajeador con Infrarrojo<\/li>\n<li>Oscila a m\u00e1s de 2700 rpm<\/li>\n<li>Moldea tu figura<\/li>\n<li>Adi\u00f3s a la piel de naranja<\/li>\n<li>Reducci\u00f3n visible de la celulitis incrustada<\/li>\n<li>Mejora la circulaci\u00f3n sangu\u00ednea<\/li>\n<li>Elimina toxinas localizadas<\/li>\n<li>Cubierta con malla<\/li>\n<li>F\u00e1cilmente limpiable e intercambiable<\/li>\n<li>Relajante y Liviano<\/li>\n<li>Sencillo de ensamblar<\/li>\n<li>Incluye cuatro cabezales diferentes<\/li>\n<\/ul>\n<p>Para retractos: Por favor revise el producto apenas lo reciba y antes de usarlo. No aplica ley de retracto luego de usar el producto. Se manejan m\u00e1ximo 5 d\u00edas para reportarlo. Para hacer efectiva la devoluci\u00f3n el producto debe devolverse con el empaque original, el cual debe estar en buen estado, incluir todos los documentos y sin da\u00f1os.<\/p>\n","protected":false},"excerpt":{"rendered":"<p>\u00a1Descubre el Masajeador Body Innovation y transforma tu bienestar en casa! Este dispositivo avanzado combina tecnolog\u00eda de vanguardia con un dise\u00f1o ergon\u00f3mico para ofrecer masajes profundos y relajantes en cualquier momento. Ideal para aliviar la tensi\u00f3n muscular, mejorar la circulaci\u00f3n y reducir el estr\u00e9s, el Masajeador Body Innovation es perfecto para cualquier persona que busque [&hellip;]<\/p>\n","protected":false},"featured_media":3273,"template":"","meta":[],"product_brand":[],"product_cat":[102,49,18],"product_tag":[],"class_list":{"0":"post-3272","1":"product","2":"type-product","3":"status-publish","4":"has-post-thumbnail","6":"product_cat-belleza","7":"product_cat-salud","8":"product_cat-tecnologia","10":"first","11":"instock","12":"shipping-taxable","13":"purchasable","14":"product-type-simple"},"featured_image_urls":{"full":["https:\/\/elcomercioenlinea.com\/wp-content\/uploads\/2024\/07\/120903.png",340,340,false],"thumbnail":["https:\/\/elcomercioenlinea.com\/wp-content\/uploads\/2024\/07\/120903-150x150.png",150,150,true],"medium":["https:\/\/elcomercioenlinea.com\/wp-content\/uploads\/2024\/07\/120903-300x300.png",300,300,true],"medium_large":["https:\/\/elcomercioenlinea.com\/wp-content\/uploads\/2024\/07\/120903.png",340,340,false],"large":["https:\/\/elcomercioenlinea.com\/wp-content\/uploads\/2024\/07\/120903.png",340,340,false],"1536x1536":["https:\/\/elcomercioenlinea.com\/wp-content\/uploads\/2024\/07\/120903.png",340,340,false],"2048x2048":["https:\/\/elcomercioenlinea.com\/wp-content\/uploads\/2024\/07\/120903.png",340,340,false],"woocommerce_archive_thumbnail":["https:\/\/elcomercioenlinea.com\/wp-content\/uploads\/2024\/07\/120903-300x300.png",300,300,true],"woocommerce_thumbnail":["https:\/\/elcomercioenlinea.com\/wp-content\/uploads\/2024\/07\/120903-300x300.png",300,300,true],"woocommerce_single":["https:\/\/elcomercioenlinea.com\/wp-content\/uploads\/2024\/07\/120903.png",340,340,false],"woocommerce_gallery_thumbnail":["https:\/\/elcomercioenlinea.com\/wp-content\/uploads\/2024\/07\/120903-100x100.png",100,100,true]},"post_excerpt_stackable":"<p>\u00a1Descubre el Masajeador Body Innovation y transforma tu bienestar en casa! Este dispositivo avanzado combina tecnolog\u00eda de vanguardia con un dise\u00f1o ergon\u00f3mico para ofrecer masajes profundos y relajantes en cualquier momento. Ideal para aliviar la tensi\u00f3n muscular, mejorar la circulaci\u00f3n y reducir el estr\u00e9s, el Masajeador Body Innovation es perfecto para cualquier persona que busque un alivio r\u00e1pido y efectivo. Con m\u00faltiples modos y configuraciones ajustables, personaliza tu experiencia de masaje seg\u00fan tus necesidades. No esperes m\u00e1s para disfrutar de los beneficios de un masaje profesional en la comodidad de tu hogar. \u00a1Tu cuerpo te lo agradecer\u00e1! Masajeador con Infrarrojo&hellip;<\/p>\n","category_list":"","author_info":{"name":"","url":""},"comments_num":"0 comentarios","jetpack_sharing_enabled":true,"_links":{"self":[{"href":"https:\/\/elcomercioenlinea.com\/index.php\/wp-json\/wp\/v2\/product\/3272","targetHints":{"allow":["GET"]}}],"collection":[{"href":"https:\/\/elcomercioenlinea.com\/index.php\/wp-json\/wp\/v2\/product"}],"about":[{"href":"https:\/\/elcomercioenlinea.com\/index.php\/wp-json\/wp\/v2\/types\/product"}],"wp:featuredmedia":[{"embeddable":true,"href":"https:\/\/elcomercioenlinea.com\/index.php\/wp-json\/wp\/v2\/media\/3273"}],"wp:attachment":[{"href":"https:\/\/elcomercioenlinea.com\/index.php\/wp-json\/wp\/v2\/media?parent=3272"}],"wp:term":[{"taxonomy":"product_brand","embeddable":true,"href":"https:\/\/elcomercioenlinea.com\/index.php\/wp-json\/wp\/v2\/product_brand?post=3272"},{"taxonomy":"product_cat","embeddable":true,"href":"https:\/\/elcomercioenlinea.com\/index.php\/wp-json\/wp\/v2\/product_cat?post=3272"},{"taxonomy":"product_tag","embeddable":true,"href":"https:\/\/elcomercioenlinea.com\/index.php\/wp-json\/wp\/v2\/product_tag?post=3272"}],"curies":[{"name":"wp","href":"https:\/\/api.w.org\/{rel}","templated":true}]}}