{"id":3287,"date":"2024-07-16T12:50:40","date_gmt":"2024-07-16T17:50:40","guid":{"rendered":"https:\/\/elcomercioenlinea.com\/index.php\/producto\/hidratante-labios-espejo-bioaqua-biotez\/"},"modified":"2024-07-16T12:52:14","modified_gmt":"2024-07-16T17:52:14","slug":"hidratante-labios-espejo-bioaqua-biotez","status":"publish","type":"product","link":"https:\/\/elcomercioenlinea.com\/index.php\/producto\/hidratante-labios-espejo-bioaqua-biotez\/","title":{"rendered":"HIDRATANTE LABIOS ESPEJO BIOAQUA BIOTEZ"},"content":{"rendered":"<p>\u00a1Descubre el HIDRATANTE LABIOS ESPEJO BIOAQUA BIOTEZ! Este b\u00e1lsamo labial de alta calidad no solo hidrata profundamente, sino que tambi\u00e9n deja un brillo espectacular que resalta tu sonrisa. Formulado con ingredientes naturales y bioactivos, protege y repara tus labios, manteni\u00e9ndolos suaves y saludables todo el d\u00eda. Ideal para cualquier ocasi\u00f3n, el Hidratante Labios Espejo de Bioaqua Biotez es tu aliado perfecto para unos labios irresistibles. \u00a1Luce radiante y cuida de tus labios con el mejor hidratante del mercado!<\/p>\n<p>Elimina las c\u00e9lulas muertas de la piel.<\/p>\n<p>Antienvejecimiento y antiarrugas.<\/p>\n<p>hidrataci\u00f3n profunda.<\/p>\n<p>Minimiza las arrugas de los labios.<\/p>\n<p>Textura cremosa, delicada y sedosa.<\/p>\n","protected":false},"excerpt":{"rendered":"<p>\u00a1Descubre el HIDRATANTE LABIOS ESPEJO BIOAQUA BIOTEZ! Este b\u00e1lsamo labial de alta calidad no solo hidrata profundamente, sino que tambi\u00e9n deja un brillo espectacular que resalta tu sonrisa. Formulado con ingredientes naturales y bioactivos, protege y repara tus labios, manteni\u00e9ndolos suaves y saludables todo el d\u00eda. Ideal para cualquier ocasi\u00f3n, el Hidratante Labios Espejo de [&hellip;]<\/p>\n","protected":false},"featured_media":3288,"template":"","meta":[],"product_brand":[],"product_cat":[102],"product_tag":[],"class_list":{"0":"post-3287","1":"product","2":"type-product","3":"status-publish","4":"has-post-thumbnail","6":"product_cat-belleza","8":"first","9":"instock","10":"shipping-taxable","11":"purchasable","12":"product-type-simple"},"featured_image_urls":{"full":["https:\/\/elcomercioenlinea.com\/wp-content\/uploads\/2024\/07\/130433.png",835,835,false],"thumbnail":["https:\/\/elcomercioenlinea.com\/wp-content\/uploads\/2024\/07\/130433-150x150.png",150,150,true],"medium":["https:\/\/elcomercioenlinea.com\/wp-content\/uploads\/2024\/07\/130433-300x300.png",300,300,true],"medium_large":["https:\/\/elcomercioenlinea.com\/wp-content\/uploads\/2024\/07\/130433-768x768.png",768,768,true],"large":["https:\/\/elcomercioenlinea.com\/wp-content\/uploads\/2024\/07\/130433.png",835,835,false],"1536x1536":["https:\/\/elcomercioenlinea.com\/wp-content\/uploads\/2024\/07\/130433.png",835,835,false],"2048x2048":["https:\/\/elcomercioenlinea.com\/wp-content\/uploads\/2024\/07\/130433.png",835,835,false],"woocommerce_archive_thumbnail":["https:\/\/elcomercioenlinea.com\/wp-content\/uploads\/2024\/07\/130433-300x300.png",300,300,true],"woocommerce_thumbnail":["https:\/\/elcomercioenlinea.com\/wp-content\/uploads\/2024\/07\/130433-300x300.png",300,300,true],"woocommerce_single":["https:\/\/elcomercioenlinea.com\/wp-content\/uploads\/2024\/07\/130433-600x600.png",600,600,true],"woocommerce_gallery_thumbnail":["https:\/\/elcomercioenlinea.com\/wp-content\/uploads\/2024\/07\/130433-100x100.png",100,100,true]},"post_excerpt_stackable":"<p>\u00a1Descubre el HIDRATANTE LABIOS ESPEJO BIOAQUA BIOTEZ! Este b\u00e1lsamo labial de alta calidad no solo hidrata profundamente, sino que tambi\u00e9n deja un brillo espectacular que resalta tu sonrisa. Formulado con ingredientes naturales y bioactivos, protege y repara tus labios, manteni\u00e9ndolos suaves y saludables todo el d\u00eda. Ideal para cualquier ocasi\u00f3n, el Hidratante Labios Espejo de Bioaqua Biotez es tu aliado perfecto para unos labios irresistibles. \u00a1Luce radiante y cuida de tus labios con el mejor hidratante del mercado! Elimina las c\u00e9lulas muertas de la piel. Antienvejecimiento y antiarrugas. hidrataci\u00f3n profunda. Minimiza las arrugas de los labios. Textura cremosa, delicada y&hellip;<\/p>\n","category_list":"","author_info":{"name":"","url":""},"comments_num":"0 comentarios","jetpack_sharing_enabled":true,"_links":{"self":[{"href":"https:\/\/elcomercioenlinea.com\/index.php\/wp-json\/wp\/v2\/product\/3287","targetHints":{"allow":["GET"]}}],"collection":[{"href":"https:\/\/elcomercioenlinea.com\/index.php\/wp-json\/wp\/v2\/product"}],"about":[{"href":"https:\/\/elcomercioenlinea.com\/index.php\/wp-json\/wp\/v2\/types\/product"}],"wp:featuredmedia":[{"embeddable":true,"href":"https:\/\/elcomercioenlinea.com\/index.php\/wp-json\/wp\/v2\/media\/3288"}],"wp:attachment":[{"href":"https:\/\/elcomercioenlinea.com\/index.php\/wp-json\/wp\/v2\/media?parent=3287"}],"wp:term":[{"taxonomy":"product_brand","embeddable":true,"href":"https:\/\/elcomercioenlinea.com\/index.php\/wp-json\/wp\/v2\/product_brand?post=3287"},{"taxonomy":"product_cat","embeddable":true,"href":"https:\/\/elcomercioenlinea.com\/index.php\/wp-json\/wp\/v2\/product_cat?post=3287"},{"taxonomy":"product_tag","embeddable":true,"href":"https:\/\/elcomercioenlinea.com\/index.php\/wp-json\/wp\/v2\/product_tag?post=3287"}],"curies":[{"name":"wp","href":"https:\/\/api.w.org\/{rel}","templated":true}]}}