{"id":3304,"date":"2024-07-17T08:35:25","date_gmt":"2024-07-17T13:35:25","guid":{"rendered":"https:\/\/elcomercioenlinea.com\/index.php\/producto\/sarten-para-freir-de-3-puestos\/"},"modified":"2024-07-17T08:37:18","modified_gmt":"2024-07-17T13:37:18","slug":"sarten-para-freir-de-3-puestos","status":"publish","type":"product","link":"https:\/\/elcomercioenlinea.com\/index.php\/producto\/sarten-para-freir-de-3-puestos\/","title":{"rendered":"Sarten Para Fre\u00edr De 3 Puestos"},"content":{"rendered":"<p>Materiales seleccionados: nuestra sart\u00e9n para tortillas est\u00e1 hecha de materiales de primera calidad, se calienta de manera uniforme, ahorra energ\u00eda, no se da\u00f1a f\u00e1cilmente y tiene una larga vida \u00fatil. Antiadherente: esta sart\u00e9n para hamburguesas con huevo tiene un revestimiento antiadherente que puede ofrecer un rendimiento de f\u00e1cil liberaci\u00f3n y una limpieza sin esfuerzo. La comida sale f\u00e1cilmente de la olla.<\/p>\n<p>Vers\u00e1til: perfecta para cocinar tortillas, hamburguesas, tocino, tortitas y cualquier otra cosa que desees con estas rodajas de huevo, nuestra sart\u00e9n para hamburguesas con huevo frito de 3 secciones puede hacer que cocinar sea m\u00e1s r\u00e1pido y f\u00e1cil.<\/p>\n<p>Cocci\u00f3n sin aceite: esta sart\u00e9n antiadherente para hamburguesas con huevo te permite cocinar de forma saludable y sin aceite para garantizar una vida mejor para ti y tu familia. Perfecto para el desayuno familiar.<\/p>\n<p>Compatible con estufas: las sartenes antiadherentes son compatibles con una estufa de gas y una cocina de inducci\u00f3n. Al calentarse uniformemente, la textura exterior puede evitar eficazmente que los alimentos se sobrecalienten y se quemen.<\/p>\n<p>Sensor de temperatura: control visual inteligente de temperatura, la temperatura es clara de un vistazo. La tira de silicona sensible a la temperatura que cambia de color acompa\u00f1a el progreso de la cocci\u00f3n en cualquier momento. Especificaciones : tipo de art\u00edculo: sart\u00e9n para hamburguesas con huevos Material: aleaci\u00f3n de aluminio, pl\u00e1stico fen\u00f3lico Peso bruto: 515 g\/18,2 onzas<\/p>\n","protected":false},"excerpt":{"rendered":"<p>Materiales seleccionados: nuestra sart\u00e9n para tortillas est\u00e1 hecha de materiales de primera calidad, se calienta de manera uniforme, ahorra energ\u00eda, no se da\u00f1a f\u00e1cilmente y tiene una larga vida \u00fatil. Antiadherente: esta sart\u00e9n para hamburguesas con huevo tiene un revestimiento antiadherente que puede ofrecer un rendimiento de f\u00e1cil liberaci\u00f3n y una limpieza sin esfuerzo. La [&hellip;]<\/p>\n","protected":false},"featured_media":3306,"template":"","meta":[],"product_brand":[],"product_cat":[25],"product_tag":[],"class_list":{"0":"post-3304","1":"product","2":"type-product","3":"status-publish","4":"has-post-thumbnail","6":"product_cat-cocina","8":"first","9":"instock","10":"shipping-taxable","11":"purchasable","12":"product-type-simple"},"featured_image_urls":{"full":["https:\/\/elcomercioenlinea.com\/wp-content\/uploads\/2024\/07\/602039.png",1200,1200,false],"thumbnail":["https:\/\/elcomercioenlinea.com\/wp-content\/uploads\/2024\/07\/602039-150x150.png",150,150,true],"medium":["https:\/\/elcomercioenlinea.com\/wp-content\/uploads\/2024\/07\/602039-300x300.png",300,300,true],"medium_large":["https:\/\/elcomercioenlinea.com\/wp-content\/uploads\/2024\/07\/602039-768x768.png",768,768,true],"large":["https:\/\/elcomercioenlinea.com\/wp-content\/uploads\/2024\/07\/602039-1024x1024.png",1024,1024,true],"1536x1536":["https:\/\/elcomercioenlinea.com\/wp-content\/uploads\/2024\/07\/602039.png",1200,1200,false],"2048x2048":["https:\/\/elcomercioenlinea.com\/wp-content\/uploads\/2024\/07\/602039.png",1200,1200,false],"woocommerce_archive_thumbnail":["https:\/\/elcomercioenlinea.com\/wp-content\/uploads\/2024\/07\/602039-300x300.png",300,300,true],"woocommerce_thumbnail":["https:\/\/elcomercioenlinea.com\/wp-content\/uploads\/2024\/07\/602039-300x300.png",300,300,true],"woocommerce_single":["https:\/\/elcomercioenlinea.com\/wp-content\/uploads\/2024\/07\/602039-600x600.png",600,600,true],"woocommerce_gallery_thumbnail":["https:\/\/elcomercioenlinea.com\/wp-content\/uploads\/2024\/07\/602039-100x100.png",100,100,true]},"post_excerpt_stackable":"<p>Materiales seleccionados: nuestra sart\u00e9n para tortillas est\u00e1 hecha de materiales de primera calidad, se calienta de manera uniforme, ahorra energ\u00eda, no se da\u00f1a f\u00e1cilmente y tiene una larga vida \u00fatil. Antiadherente: esta sart\u00e9n para hamburguesas con huevo tiene un revestimiento antiadherente que puede ofrecer un rendimiento de f\u00e1cil liberaci\u00f3n y una limpieza sin esfuerzo. La comida sale f\u00e1cilmente de la olla. Vers\u00e1til: perfecta para cocinar tortillas, hamburguesas, tocino, tortitas y cualquier otra cosa que desees con estas rodajas de huevo, nuestra sart\u00e9n para hamburguesas con huevo frito de 3 secciones puede hacer que cocinar sea m\u00e1s r\u00e1pido y f\u00e1cil. Cocci\u00f3n&hellip;<\/p>\n","category_list":"","author_info":{"name":"","url":""},"comments_num":"0 comentarios","jetpack_sharing_enabled":true,"_links":{"self":[{"href":"https:\/\/elcomercioenlinea.com\/index.php\/wp-json\/wp\/v2\/product\/3304","targetHints":{"allow":["GET"]}}],"collection":[{"href":"https:\/\/elcomercioenlinea.com\/index.php\/wp-json\/wp\/v2\/product"}],"about":[{"href":"https:\/\/elcomercioenlinea.com\/index.php\/wp-json\/wp\/v2\/types\/product"}],"wp:featuredmedia":[{"embeddable":true,"href":"https:\/\/elcomercioenlinea.com\/index.php\/wp-json\/wp\/v2\/media\/3306"}],"wp:attachment":[{"href":"https:\/\/elcomercioenlinea.com\/index.php\/wp-json\/wp\/v2\/media?parent=3304"}],"wp:term":[{"taxonomy":"product_brand","embeddable":true,"href":"https:\/\/elcomercioenlinea.com\/index.php\/wp-json\/wp\/v2\/product_brand?post=3304"},{"taxonomy":"product_cat","embeddable":true,"href":"https:\/\/elcomercioenlinea.com\/index.php\/wp-json\/wp\/v2\/product_cat?post=3304"},{"taxonomy":"product_tag","embeddable":true,"href":"https:\/\/elcomercioenlinea.com\/index.php\/wp-json\/wp\/v2\/product_tag?post=3304"}],"curies":[{"name":"wp","href":"https:\/\/api.w.org\/{rel}","templated":true}]}}