{"id":3399,"date":"2024-07-19T14:00:28","date_gmt":"2024-07-19T19:00:28","guid":{"rendered":"https:\/\/elcomercioenlinea.com\/index.php\/producto\/humidificador-difusor-reloj-oso\/"},"modified":"2024-07-19T15:27:54","modified_gmt":"2024-07-19T20:27:54","slug":"humidificador-difusor-reloj-oso","status":"publish","type":"product","link":"https:\/\/elcomercioenlinea.com\/index.php\/producto\/humidificador-difusor-reloj-oso\/","title":{"rendered":"Humidificador y reloj Difusor"},"content":{"rendered":"<p>\u00a1Descubre la combinaci\u00f3n perfecta de funcionalidad y dise\u00f1o adorable con nuestro Humidificador y Reloj Difusor en forma de oso! Este dispositivo multifuncional no solo mantiene el aire de tu hogar fresco y humidificado, sino que tambi\u00e9n cuenta con un difusor de aceites esenciales para crear un ambiente relajante. Adem\u00e1s, su reloj integrado te ayuda a mantener el tiempo bajo control. Todo esto envuelto en un encantador dise\u00f1o de oso que a\u00f1adir\u00e1 un toque de ternura y estilo a cualquier habitaci\u00f3n. Ideal para dormitorios, oficinas y espacios de descanso. \u00a1Haz que tu entorno sea m\u00e1s saludable y acogedor con este producto \u00fanico y adorable!<\/p>\n<p>caracter\u00edsticas:<br \/>\n1. relojes creativos, alimentados por pilas de bot\u00f3n<br \/>\n2. el humidificador est\u00e1 alimentado por usb<br \/>\n3. con luces nocturnas coloridas<br \/>\n4. capacidad del tanque de agua de 300ml<br \/>\n5. bajo nivel de ruido, no molesta el sue\u00f1o<\/p>\n<p>especificaciones del producto:<br \/>\n1. material del producto: abs +recubrimiento al vac\u00edo+componentes electr\u00f3nicos<br \/>\n2. tama\u00f1o del producto: 136x85x85 mm<br \/>\n3. peso individual: 150 g<br \/>\n4. tensi\u00f3n nominal: 5v 1<\/p>\n","protected":false},"excerpt":{"rendered":"<p>\u00a1Descubre la combinaci\u00f3n perfecta de funcionalidad y dise\u00f1o adorable con nuestro Humidificador y Reloj Difusor en forma de oso! Este dispositivo multifuncional no solo mantiene el aire de tu hogar fresco y humidificado, sino que tambi\u00e9n cuenta con un difusor de aceites esenciales para crear un ambiente relajante. Adem\u00e1s, su reloj integrado te ayuda a [&hellip;]<\/p>\n","protected":false},"featured_media":3401,"template":"","meta":[],"product_brand":[],"product_cat":[17,18],"product_tag":[],"class_list":{"0":"post-3399","1":"product","2":"type-product","3":"status-publish","4":"has-post-thumbnail","6":"product_cat-hogar","7":"product_cat-tecnologia","9":"first","10":"instock","11":"shipping-taxable","12":"purchasable","13":"product-type-simple"},"featured_image_urls":{"full":["https:\/\/elcomercioenlinea.com\/wp-content\/uploads\/2024\/07\/534202.png",439,500,false],"thumbnail":["https:\/\/elcomercioenlinea.com\/wp-content\/uploads\/2024\/07\/534202-150x150.png",150,150,true],"medium":["https:\/\/elcomercioenlinea.com\/wp-content\/uploads\/2024\/07\/534202-263x300.png",263,300,true],"medium_large":["https:\/\/elcomercioenlinea.com\/wp-content\/uploads\/2024\/07\/534202.png",439,500,false],"large":["https:\/\/elcomercioenlinea.com\/wp-content\/uploads\/2024\/07\/534202.png",439,500,false],"1536x1536":["https:\/\/elcomercioenlinea.com\/wp-content\/uploads\/2024\/07\/534202.png",439,500,false],"2048x2048":["https:\/\/elcomercioenlinea.com\/wp-content\/uploads\/2024\/07\/534202.png",439,500,false],"woocommerce_archive_thumbnail":["https:\/\/elcomercioenlinea.com\/wp-content\/uploads\/2024\/07\/534202-300x342.png",300,342,true],"woocommerce_thumbnail":["https:\/\/elcomercioenlinea.com\/wp-content\/uploads\/2024\/07\/534202-300x300.png",300,300,true],"woocommerce_single":["https:\/\/elcomercioenlinea.com\/wp-content\/uploads\/2024\/07\/534202.png",439,500,false],"woocommerce_gallery_thumbnail":["https:\/\/elcomercioenlinea.com\/wp-content\/uploads\/2024\/07\/534202-100x100.png",100,100,true]},"post_excerpt_stackable":"<p>\u00a1Descubre la combinaci\u00f3n perfecta de funcionalidad y dise\u00f1o adorable con nuestro Humidificador y Reloj Difusor en forma de oso! Este dispositivo multifuncional no solo mantiene el aire de tu hogar fresco y humidificado, sino que tambi\u00e9n cuenta con un difusor de aceites esenciales para crear un ambiente relajante. Adem\u00e1s, su reloj integrado te ayuda a mantener el tiempo bajo control. Todo esto envuelto en un encantador dise\u00f1o de oso que a\u00f1adir\u00e1 un toque de ternura y estilo a cualquier habitaci\u00f3n. Ideal para dormitorios, oficinas y espacios de descanso. \u00a1Haz que tu entorno sea m\u00e1s saludable y acogedor con este producto&hellip;<\/p>\n","category_list":"","author_info":{"name":"","url":""},"comments_num":"0 comentarios","jetpack_sharing_enabled":true,"_links":{"self":[{"href":"https:\/\/elcomercioenlinea.com\/index.php\/wp-json\/wp\/v2\/product\/3399","targetHints":{"allow":["GET"]}}],"collection":[{"href":"https:\/\/elcomercioenlinea.com\/index.php\/wp-json\/wp\/v2\/product"}],"about":[{"href":"https:\/\/elcomercioenlinea.com\/index.php\/wp-json\/wp\/v2\/types\/product"}],"wp:featuredmedia":[{"embeddable":true,"href":"https:\/\/elcomercioenlinea.com\/index.php\/wp-json\/wp\/v2\/media\/3401"}],"wp:attachment":[{"href":"https:\/\/elcomercioenlinea.com\/index.php\/wp-json\/wp\/v2\/media?parent=3399"}],"wp:term":[{"taxonomy":"product_brand","embeddable":true,"href":"https:\/\/elcomercioenlinea.com\/index.php\/wp-json\/wp\/v2\/product_brand?post=3399"},{"taxonomy":"product_cat","embeddable":true,"href":"https:\/\/elcomercioenlinea.com\/index.php\/wp-json\/wp\/v2\/product_cat?post=3399"},{"taxonomy":"product_tag","embeddable":true,"href":"https:\/\/elcomercioenlinea.com\/index.php\/wp-json\/wp\/v2\/product_tag?post=3399"}],"curies":[{"name":"wp","href":"https:\/\/api.w.org\/{rel}","templated":true}]}}