{"id":3468,"date":"2024-11-18T21:03:16","date_gmt":"2024-11-19T02:03:16","guid":{"rendered":"https:\/\/elcomercioenlinea.com\/index.php\/producto\/pechero-tipo-morral-impermeable\/"},"modified":"2024-11-18T21:41:45","modified_gmt":"2024-11-19T02:41:45","slug":"pechero-tipo-morral-impermeable","status":"publish","type":"product","link":"https:\/\/elcomercioenlinea.com\/index.php\/producto\/pechero-tipo-morral-impermeable\/","title":{"rendered":"Pechero Tipo Morral Impermeable"},"content":{"rendered":"<p>Lleva este magn\u00edfico Carriel, seguro, practico, tiene punto USB, ideal para que transportes a donde quieras tus objetos personales, de una forma segura. Hecho en material impermeable, cuenta con diversos compartimientos para que almacenes tu tel\u00e9fono celular, billetera, libreta, etc<\/p>\n<p>&nbsp;<\/p>\n<p>Carriel Antirrobo Impermeable con Punto USB<\/p>\n<p>&nbsp;<\/p>\n<p>Caracter\u00edsticas<\/p>\n<p>&nbsp;<\/p>\n<p>Hecho en PU y Poli\u00e9ster.<\/p>\n<p>Sus medidas son 18 x 10 x 34 cm.<\/p>\n<p>Resistente al agua.<\/p>\n<p>Puerto USB.<\/p>\n<p>Compartimientos con cierre de cremallera.<\/p>\n","protected":false},"excerpt":{"rendered":"<p>Lleva este magn\u00edfico Carriel, seguro, practico, tiene punto USB, ideal para que transportes a donde quieras tus objetos personales, de una forma segura. Hecho en material impermeable, cuenta con diversos compartimientos para que almacenes tu tel\u00e9fono celular, billetera, libreta, etc &nbsp; Carriel Antirrobo Impermeable con Punto USB &nbsp; Caracter\u00edsticas &nbsp; Hecho en PU y Poli\u00e9ster. [&hellip;]<\/p>\n","protected":false},"featured_media":3471,"template":"","meta":[],"product_brand":[],"product_cat":[17,98],"product_tag":[115,114,116],"class_list":{"0":"post-3468","1":"product","2":"type-product","3":"status-publish","4":"has-post-thumbnail","6":"product_cat-hogar","7":"product_cat-ropa-deportiva","8":"product_tag-canguro","9":"product_tag-morral","10":"product_tag-pechera","12":"first","13":"instock","14":"sale","15":"shipping-taxable","16":"purchasable","17":"product-type-simple"},"featured_image_urls":{"full":["https:\/\/elcomercioenlinea.com\/wp-content\/uploads\/2024\/11\/949277.png",679,682,false],"thumbnail":["https:\/\/elcomercioenlinea.com\/wp-content\/uploads\/2024\/11\/949277-150x150.png",150,150,true],"medium":["https:\/\/elcomercioenlinea.com\/wp-content\/uploads\/2024\/11\/949277-300x300.png",300,300,true],"medium_large":["https:\/\/elcomercioenlinea.com\/wp-content\/uploads\/2024\/11\/949277.png",679,682,false],"large":["https:\/\/elcomercioenlinea.com\/wp-content\/uploads\/2024\/11\/949277.png",679,682,false],"1536x1536":["https:\/\/elcomercioenlinea.com\/wp-content\/uploads\/2024\/11\/949277.png",679,682,false],"2048x2048":["https:\/\/elcomercioenlinea.com\/wp-content\/uploads\/2024\/11\/949277.png",679,682,false],"woocommerce_archive_thumbnail":["https:\/\/elcomercioenlinea.com\/wp-content\/uploads\/2024\/11\/949277-300x300.png",300,300,true],"woocommerce_thumbnail":["https:\/\/elcomercioenlinea.com\/wp-content\/uploads\/2024\/11\/949277-300x300.png",300,300,true],"woocommerce_single":["https:\/\/elcomercioenlinea.com\/wp-content\/uploads\/2024\/11\/949277-600x603.png",600,603,true],"woocommerce_gallery_thumbnail":["https:\/\/elcomercioenlinea.com\/wp-content\/uploads\/2024\/11\/949277-100x100.png",100,100,true]},"post_excerpt_stackable":"<p>Lleva este magn\u00edfico Carriel, seguro, practico, tiene punto USB, ideal para que transportes a donde quieras tus objetos personales, de una forma segura. Hecho en material impermeable, cuenta con diversos compartimientos para que almacenes tu tel\u00e9fono celular, billetera, libreta, etc &nbsp; Carriel Antirrobo Impermeable con Punto USB &nbsp; Caracter\u00edsticas &nbsp; Hecho en PU y Poli\u00e9ster. Sus medidas son 18 x 10 x 34 cm. Resistente al agua. Puerto USB. Compartimientos con cierre de cremallera.<\/p>\n","category_list":"","author_info":{"name":"","url":""},"comments_num":"0 comentarios","jetpack_sharing_enabled":true,"_links":{"self":[{"href":"https:\/\/elcomercioenlinea.com\/index.php\/wp-json\/wp\/v2\/product\/3468","targetHints":{"allow":["GET"]}}],"collection":[{"href":"https:\/\/elcomercioenlinea.com\/index.php\/wp-json\/wp\/v2\/product"}],"about":[{"href":"https:\/\/elcomercioenlinea.com\/index.php\/wp-json\/wp\/v2\/types\/product"}],"wp:featuredmedia":[{"embeddable":true,"href":"https:\/\/elcomercioenlinea.com\/index.php\/wp-json\/wp\/v2\/media\/3471"}],"wp:attachment":[{"href":"https:\/\/elcomercioenlinea.com\/index.php\/wp-json\/wp\/v2\/media?parent=3468"}],"wp:term":[{"taxonomy":"product_brand","embeddable":true,"href":"https:\/\/elcomercioenlinea.com\/index.php\/wp-json\/wp\/v2\/product_brand?post=3468"},{"taxonomy":"product_cat","embeddable":true,"href":"https:\/\/elcomercioenlinea.com\/index.php\/wp-json\/wp\/v2\/product_cat?post=3468"},{"taxonomy":"product_tag","embeddable":true,"href":"https:\/\/elcomercioenlinea.com\/index.php\/wp-json\/wp\/v2\/product_tag?post=3468"}],"curies":[{"name":"wp","href":"https:\/\/api.w.org\/{rel}","templated":true}]}}