{"id":3490,"date":"2024-11-28T20:44:14","date_gmt":"2024-11-29T01:44:14","guid":{"rendered":"https:\/\/elcomercioenlinea.com\/index.php\/producto\/soporte-organizador-tapas-de-olla\/"},"modified":"2024-11-28T21:38:31","modified_gmt":"2024-11-29T02:38:31","slug":"soporte-organizador-tapas-de-olla","status":"publish","type":"product","link":"https:\/\/elcomercioenlinea.com\/index.php\/producto\/soporte-organizador-tapas-de-olla\/","title":{"rendered":"Soporte organizador tapas de olla"},"content":{"rendered":"<p>\u00a1Mant\u00e9n tu cocina organizada con nuestro Soporte para Tapas de Ollas! Con capacidad para dos tapas, este pr\u00e1ctico accesorio te permite almacenar tus tapas de ollas de manera ordenada y accesible. Su dise\u00f1o compacto ahorra espacio en tu cocina, brind\u00e1ndote una soluci\u00f3n conveniente para mantener tus utensilios de cocina al alcance de la mano. \u00a1Haz que cocinar sea m\u00e1s f\u00e1cil y ordenado con nuestro Soporte para Tapas de Ollas! \ud83c\udf73\ud83d\udd25<\/p>\n","protected":false},"excerpt":{"rendered":"<p>\u00a1Mant\u00e9n tu cocina organizada con nuestro Soporte para Tapas de Ollas! Con capacidad para dos tapas, este pr\u00e1ctico accesorio te permite almacenar tus tapas de ollas de manera ordenada y accesible. Su dise\u00f1o compacto ahorra espacio en tu cocina, brind\u00e1ndote una soluci\u00f3n conveniente para mantener tus utensilios de cocina al alcance de la mano. \u00a1Haz [&hellip;]<\/p>\n","protected":false},"featured_media":3491,"template":"","meta":[],"product_brand":[],"product_cat":[15],"product_tag":[],"class_list":{"0":"post-3490","1":"product","2":"type-product","3":"status-publish","4":"has-post-thumbnail","6":"product_cat-sin-categoria","8":"first","9":"instock","10":"shipping-taxable","11":"purchasable","12":"product-type-simple"},"featured_image_urls":{"full":["https:\/\/elcomercioenlinea.com\/wp-content\/uploads\/2024\/11\/799589.png",467,509,false],"thumbnail":["https:\/\/elcomercioenlinea.com\/wp-content\/uploads\/2024\/11\/799589-150x150.png",150,150,true],"medium":["https:\/\/elcomercioenlinea.com\/wp-content\/uploads\/2024\/11\/799589-275x300.png",275,300,true],"medium_large":["https:\/\/elcomercioenlinea.com\/wp-content\/uploads\/2024\/11\/799589.png",467,509,false],"large":["https:\/\/elcomercioenlinea.com\/wp-content\/uploads\/2024\/11\/799589.png",467,509,false],"1536x1536":["https:\/\/elcomercioenlinea.com\/wp-content\/uploads\/2024\/11\/799589.png",467,509,false],"2048x2048":["https:\/\/elcomercioenlinea.com\/wp-content\/uploads\/2024\/11\/799589.png",467,509,false],"woocommerce_archive_thumbnail":["https:\/\/elcomercioenlinea.com\/wp-content\/uploads\/2024\/11\/799589-300x327.png",300,327,true],"woocommerce_thumbnail":["https:\/\/elcomercioenlinea.com\/wp-content\/uploads\/2024\/11\/799589-300x300.png",300,300,true],"woocommerce_single":["https:\/\/elcomercioenlinea.com\/wp-content\/uploads\/2024\/11\/799589.png",467,509,false],"woocommerce_gallery_thumbnail":["https:\/\/elcomercioenlinea.com\/wp-content\/uploads\/2024\/11\/799589-100x100.png",100,100,true]},"post_excerpt_stackable":"<p>\u00a1Mant\u00e9n tu cocina organizada con nuestro Soporte para Tapas de Ollas! Con capacidad para dos tapas, este pr\u00e1ctico accesorio te permite almacenar tus tapas de ollas de manera ordenada y accesible. Su dise\u00f1o compacto ahorra espacio en tu cocina, brind\u00e1ndote una soluci\u00f3n conveniente para mantener tus utensilios de cocina al alcance de la mano. \u00a1Haz que cocinar sea m\u00e1s f\u00e1cil y ordenado con nuestro Soporte para Tapas de Ollas! \ud83c\udf73\ud83d\udd25<\/p>\n","category_list":"","author_info":{"name":"","url":""},"comments_num":"0 comentarios","jetpack_sharing_enabled":true,"_links":{"self":[{"href":"https:\/\/elcomercioenlinea.com\/index.php\/wp-json\/wp\/v2\/product\/3490","targetHints":{"allow":["GET"]}}],"collection":[{"href":"https:\/\/elcomercioenlinea.com\/index.php\/wp-json\/wp\/v2\/product"}],"about":[{"href":"https:\/\/elcomercioenlinea.com\/index.php\/wp-json\/wp\/v2\/types\/product"}],"wp:featuredmedia":[{"embeddable":true,"href":"https:\/\/elcomercioenlinea.com\/index.php\/wp-json\/wp\/v2\/media\/3491"}],"wp:attachment":[{"href":"https:\/\/elcomercioenlinea.com\/index.php\/wp-json\/wp\/v2\/media?parent=3490"}],"wp:term":[{"taxonomy":"product_brand","embeddable":true,"href":"https:\/\/elcomercioenlinea.com\/index.php\/wp-json\/wp\/v2\/product_brand?post=3490"},{"taxonomy":"product_cat","embeddable":true,"href":"https:\/\/elcomercioenlinea.com\/index.php\/wp-json\/wp\/v2\/product_cat?post=3490"},{"taxonomy":"product_tag","embeddable":true,"href":"https:\/\/elcomercioenlinea.com\/index.php\/wp-json\/wp\/v2\/product_tag?post=3490"}],"curies":[{"name":"wp","href":"https:\/\/api.w.org\/{rel}","templated":true}]}}