{"id":3494,"date":"2024-11-29T08:15:50","date_gmt":"2024-11-29T13:15:50","guid":{"rendered":"https:\/\/elcomercioenlinea.com\/index.php\/producto\/plantilla-talonera-ortopedica-silicona\/"},"modified":"2024-12-29T16:45:09","modified_gmt":"2024-12-29T21:45:09","slug":"plantilla-talonera-ortopedica-silicona","status":"publish","type":"product","link":"https:\/\/elcomercioenlinea.com\/index.php\/producto\/plantilla-talonera-ortopedica-silicona\/","title":{"rendered":"Plantilla Talonera Ortop\u00e9dica Silicona"},"content":{"rendered":"<p>Almohadillas de silicona talla \u00fanica Plantillas invisibles para dolor de pie, aumentar la altura, unisex, para aumentar la altura<\/p>\n<p>-Comodidad: hay muchos agujeros de ventilaci\u00f3n, y los pies pueden respirar libremente. El material siliconado y el dise\u00f1o \u00fanico en forma de U te hacen sentir c\u00f3modo.<br \/>\n-Alivia el dolor de la fascitis plantar, espolones en el tal\u00f3n.<br \/>\n-Aumenta tu altura: nuestros incre\u00edbles juegos de plantillas de pie te permiten aumentar tu altura. Util\u00edzalo en tus zapatos deportivos, formales o casuales como quieras.<br \/>\n-Alta calidad: hecho de gel de silicona de alta calidad. Antideslizante, muy el\u00e1stico, suave, duradero y hace que todos tus pies sean m\u00e1s c\u00f3modos.<br \/>\n-Ampliamente utilizado: insertos de uso r\u00e1pido y eficaz c\u00f3modamente con cualquier zapato, zapatillas de deporte, botas de tac\u00f3n alto, sandalias, chanclas o descalzos cuando caminas por la casa o en el trabajo en la oficina con calcetines.<br \/>\n-F\u00e1cil de usar: Unisex para mujeres y hombres, ni\u00f1os, gel de silicona antiolor para el tal\u00f3n, lavable y reutilizable.<\/p>\n<p>TALLA: UNICA<br \/>\n*(DEVOLUCIONES) *<\/p>\n<p>El proceso de devoluci\u00f3n es admitido cuando el producto no fue estropeado intencionalmente por el comprador, asimismo si se encuentra sucio, cortado, rayado, abollado u alguna practica indebida con el mismo.<br \/>\nDe esta manera cada producto es verificado con nuestro equipo de control y calidad. Con el fin de generar buenas pr\u00e1cticas y altos est\u00e1ndares de calidad asegurando una experiencia satisfactoria y personalizada.<\/p>\n<p>&nbsp;<\/p>\n","protected":false},"excerpt":{"rendered":"<p>Almohadillas de silicona talla \u00fanica Plantillas invisibles para dolor de pie, aumentar la altura, unisex, para aumentar la altura -Comodidad: hay muchos agujeros de ventilaci\u00f3n, y los pies pueden respirar libremente. El material siliconado y el dise\u00f1o \u00fanico en forma de U te hacen sentir c\u00f3modo. -Alivia el dolor de la fascitis plantar, espolones en [&hellip;]<\/p>\n","protected":false},"featured_media":3495,"template":"","meta":[],"product_brand":[],"product_cat":[100,101,109],"product_tag":[],"class_list":{"0":"post-3494","1":"product","2":"type-product","3":"status-publish","4":"has-post-thumbnail","6":"product_cat-bienestar","7":"product_cat-deportivo","8":"product_cat-salud-y-bienestar","10":"first","11":"instock","12":"shipping-taxable","13":"purchasable","14":"product-type-simple"},"featured_image_urls":{"full":["https:\/\/elcomercioenlinea.com\/wp-content\/uploads\/2024\/11\/761978.png",800,800,false],"thumbnail":["https:\/\/elcomercioenlinea.com\/wp-content\/uploads\/2024\/11\/761978-150x150.png",150,150,true],"medium":["https:\/\/elcomercioenlinea.com\/wp-content\/uploads\/2024\/11\/761978-300x300.png",300,300,true],"medium_large":["https:\/\/elcomercioenlinea.com\/wp-content\/uploads\/2024\/11\/761978-768x768.png",768,768,true],"large":["https:\/\/elcomercioenlinea.com\/wp-content\/uploads\/2024\/11\/761978.png",800,800,false],"1536x1536":["https:\/\/elcomercioenlinea.com\/wp-content\/uploads\/2024\/11\/761978.png",800,800,false],"2048x2048":["https:\/\/elcomercioenlinea.com\/wp-content\/uploads\/2024\/11\/761978.png",800,800,false],"woocommerce_archive_thumbnail":["https:\/\/elcomercioenlinea.com\/wp-content\/uploads\/2024\/11\/761978-300x300.png",300,300,true],"woocommerce_thumbnail":["https:\/\/elcomercioenlinea.com\/wp-content\/uploads\/2024\/11\/761978-300x300.png",300,300,true],"woocommerce_single":["https:\/\/elcomercioenlinea.com\/wp-content\/uploads\/2024\/11\/761978-600x600.png",600,600,true],"woocommerce_gallery_thumbnail":["https:\/\/elcomercioenlinea.com\/wp-content\/uploads\/2024\/11\/761978-100x100.png",100,100,true]},"post_excerpt_stackable":"<p>Almohadillas de silicona talla \u00fanica Plantillas invisibles para dolor de pie, aumentar la altura, unisex, para aumentar la altura -Comodidad: hay muchos agujeros de ventilaci\u00f3n, y los pies pueden respirar libremente. El material siliconado y el dise\u00f1o \u00fanico en forma de U te hacen sentir c\u00f3modo. -Alivia el dolor de la fascitis plantar, espolones en el tal\u00f3n. -Aumenta tu altura: nuestros incre\u00edbles juegos de plantillas de pie te permiten aumentar tu altura. Util\u00edzalo en tus zapatos deportivos, formales o casuales como quieras. -Alta calidad: hecho de gel de silicona de alta calidad. Antideslizante, muy el\u00e1stico, suave, duradero y hace que&hellip;<\/p>\n","category_list":"","author_info":{"name":"","url":""},"comments_num":"0 comentarios","jetpack_sharing_enabled":true,"_links":{"self":[{"href":"https:\/\/elcomercioenlinea.com\/index.php\/wp-json\/wp\/v2\/product\/3494","targetHints":{"allow":["GET"]}}],"collection":[{"href":"https:\/\/elcomercioenlinea.com\/index.php\/wp-json\/wp\/v2\/product"}],"about":[{"href":"https:\/\/elcomercioenlinea.com\/index.php\/wp-json\/wp\/v2\/types\/product"}],"wp:featuredmedia":[{"embeddable":true,"href":"https:\/\/elcomercioenlinea.com\/index.php\/wp-json\/wp\/v2\/media\/3495"}],"wp:attachment":[{"href":"https:\/\/elcomercioenlinea.com\/index.php\/wp-json\/wp\/v2\/media?parent=3494"}],"wp:term":[{"taxonomy":"product_brand","embeddable":true,"href":"https:\/\/elcomercioenlinea.com\/index.php\/wp-json\/wp\/v2\/product_brand?post=3494"},{"taxonomy":"product_cat","embeddable":true,"href":"https:\/\/elcomercioenlinea.com\/index.php\/wp-json\/wp\/v2\/product_cat?post=3494"},{"taxonomy":"product_tag","embeddable":true,"href":"https:\/\/elcomercioenlinea.com\/index.php\/wp-json\/wp\/v2\/product_tag?post=3494"}],"curies":[{"name":"wp","href":"https:\/\/api.w.org\/{rel}","templated":true}]}}