{"id":3514,"date":"2024-12-18T11:17:12","date_gmt":"2024-12-18T16:17:12","guid":{"rendered":"https:\/\/elcomercioenlinea.com\/index.php\/producto\/carro-stunt-acrobatico-rc-6-ruedas-tt\/"},"modified":"2024-12-18T12:21:49","modified_gmt":"2024-12-18T17:21:49","slug":"carro-stunt-acrobatico-rc-6-ruedas-tt","status":"publish","type":"product","link":"https:\/\/elcomercioenlinea.com\/index.php\/producto\/carro-stunt-acrobatico-rc-6-ruedas-tt\/","title":{"rendered":"CARRO STUNT ACROBATICO RC 6 RUEDAS TT"},"content":{"rendered":"<h2>CARRO ACROBATICO 6 RUEDAS TODOTERRENO RC<\/h2>\n<h4>\u00a1La m\u00e1xima diversi\u00f3n en un solo veh\u00edculo!<\/h4>\n<p><strong>Dise\u00f1o innovador<\/strong>: Coche acrob\u00e1tico con 6 ruedas que garantizan estabilidad y versatilidad en todo terreno.<\/p>\n<p><strong>Movimientos extremos<\/strong>: Realiza giros de 180\u00b0 y 360\u00b0, con opci\u00f3n de drift f\u00e1cilmente activable desde los botones del mando.<\/p>\n<p><strong>Control remoto avanzado<\/strong>: Tecnolog\u00eda de 2.4 GHz para un control preciso y sin interferencias.<\/p>\n<p>Iluminaci\u00f3n integrada que destaca en cualquier entorno.<\/p>\n<p>M\u00fasica incorporada para acompa\u00f1ar cada acrobacia.<\/p>\n<p>Vaporizador que simula humo, \u00a1a\u00f1adiendo un toque espectacular a tus trucos!<\/p>\n<p><strong>Incluye<\/strong>:<\/p>\n<p><strong>Bater\u00eda recargable:<\/strong> Para que la diversi\u00f3n nunca se detenga.<\/p>\n<p><strong>Mando a distancia:<\/strong> F\u00e1cil de usar, ideal para ni\u00f1os y adultos.<\/p>\n<h4><strong>Ideal para:<\/strong><\/h4>\n<p>Regalos de cumplea\u00f1os, Navidad o cualquier ocasi\u00f3n especial.<\/p>\n<p>Ni\u00f1os y adultos que aman los veh\u00edculos a control remoto y las acrobacias extremas.<\/p>\n<p>\u00a1Haz que cada momento sea inolvidable con este coche de acrobacias lleno de acci\u00f3n y estilo!<\/p>\n<p>&#8212;&#8212;&#8212;&#8212;&#8212;&#8212;&#8212;&#8212;&#8212;&#8212;-<\/p>\n<h3><strong>GARANT\u00cdAS<\/strong><\/h3>\n<p>Nuestra pol\u00edtica de garant\u00edas aplica por imperfecto de fabrica m\u00e1s no por mal uso y esta debe ser reportada como m\u00e1ximo 24 horas despu\u00e9s de recibido el paquete por parte del cliente.<\/p>\n<p><strong>C\u00f3mo solicitar una garant\u00eda:<\/strong> Se deben subir las evidencias a trav\u00e9s del m\u00f3dulo de garant\u00edas de la plataforma por medio de fotos y videos donde se evidencie el imperfecto de f\u00e1brica, teniendo en cuenta que esta no aplica por mala manipulaci\u00f3n, esta soluci\u00f3n se dar\u00e1 en un lapso de 2 a 3 d\u00edas posterior a la recepci\u00f3n del producto y previa verificaci\u00f3n de la informaci\u00f3n recibida en el m\u00f3dulo de garant\u00edas.<\/p>\n","protected":false},"excerpt":{"rendered":"<p>CARRO ACROBATICO 6 RUEDAS TODOTERRENO RC \u00a1La m\u00e1xima diversi\u00f3n en un solo veh\u00edculo! Dise\u00f1o innovador: Coche acrob\u00e1tico con 6 ruedas que garantizan estabilidad y versatilidad en todo terreno. Movimientos extremos: Realiza giros de 180\u00b0 y 360\u00b0, con opci\u00f3n de drift f\u00e1cilmente activable desde los botones del mando. Control remoto avanzado: Tecnolog\u00eda de 2.4 GHz para [&hellip;]<\/p>\n","protected":false},"featured_media":3520,"template":"","meta":[],"product_brand":[],"product_cat":[17,104,18],"product_tag":[129,130,131,132,133,135,134,136],"class_list":{"0":"post-3514","1":"product","2":"type-product","3":"status-publish","4":"has-post-thumbnail","6":"product_cat-hogar","7":"product_cat-jugueteria","8":"product_cat-tecnologia","9":"product_tag-carro-control-remoto","10":"product_tag-control-remoto","11":"product_tag-juguetes-control-remoto","12":"product_tag-juguetes-nino","13":"product_tag-regalo-nino","14":"product_tag-tayco-radio-control","15":"product_tag-tayco-rc","16":"product_tag-terreneitor","18":"first","19":"instock","20":"sale","21":"shipping-taxable","22":"purchasable","23":"product-type-simple"},"featured_image_urls":{"full":["https:\/\/elcomercioenlinea.com\/wp-content\/uploads\/2024\/12\/auto-control-remoto-carro.jpg",441,434,false],"thumbnail":["https:\/\/elcomercioenlinea.com\/wp-content\/uploads\/2024\/12\/auto-control-remoto-carro-150x150.jpg",150,150,true],"medium":["https:\/\/elcomercioenlinea.com\/wp-content\/uploads\/2024\/12\/auto-control-remoto-carro-300x295.jpg",300,295,true],"medium_large":["https:\/\/elcomercioenlinea.com\/wp-content\/uploads\/2024\/12\/auto-control-remoto-carro.jpg",441,434,false],"large":["https:\/\/elcomercioenlinea.com\/wp-content\/uploads\/2024\/12\/auto-control-remoto-carro.jpg",441,434,false],"1536x1536":["https:\/\/elcomercioenlinea.com\/wp-content\/uploads\/2024\/12\/auto-control-remoto-carro.jpg",441,434,false],"2048x2048":["https:\/\/elcomercioenlinea.com\/wp-content\/uploads\/2024\/12\/auto-control-remoto-carro.jpg",441,434,false],"woocommerce_archive_thumbnail":["https:\/\/elcomercioenlinea.com\/wp-content\/uploads\/2024\/12\/auto-control-remoto-carro-300x295.jpg",300,295,true],"woocommerce_thumbnail":["https:\/\/elcomercioenlinea.com\/wp-content\/uploads\/2024\/12\/auto-control-remoto-carro-300x300.jpg",300,300,true],"woocommerce_single":["https:\/\/elcomercioenlinea.com\/wp-content\/uploads\/2024\/12\/auto-control-remoto-carro.jpg",441,434,false],"woocommerce_gallery_thumbnail":["https:\/\/elcomercioenlinea.com\/wp-content\/uploads\/2024\/12\/auto-control-remoto-carro-100x100.jpg",100,100,true]},"post_excerpt_stackable":"<p>CARRO ACROBATICO 6 RUEDAS TODOTERRENO RC \u00a1La m\u00e1xima diversi\u00f3n en un solo veh\u00edculo! Dise\u00f1o innovador: Coche acrob\u00e1tico con 6 ruedas que garantizan estabilidad y versatilidad en todo terreno. Movimientos extremos: Realiza giros de 180\u00b0 y 360\u00b0, con opci\u00f3n de drift f\u00e1cilmente activable desde los botones del mando. Control remoto avanzado: Tecnolog\u00eda de 2.4 GHz para un control preciso y sin interferencias. Iluminaci\u00f3n integrada que destaca en cualquier entorno. M\u00fasica incorporada para acompa\u00f1ar cada acrobacia. Vaporizador que simula humo, \u00a1a\u00f1adiendo un toque espectacular a tus trucos! Incluye: Bater\u00eda recargable: Para que la diversi\u00f3n nunca se detenga. Mando a distancia: F\u00e1cil de&hellip;<\/p>\n","category_list":"","author_info":{"name":"","url":""},"comments_num":"0 comentarios","jetpack_sharing_enabled":true,"_links":{"self":[{"href":"https:\/\/elcomercioenlinea.com\/index.php\/wp-json\/wp\/v2\/product\/3514","targetHints":{"allow":["GET"]}}],"collection":[{"href":"https:\/\/elcomercioenlinea.com\/index.php\/wp-json\/wp\/v2\/product"}],"about":[{"href":"https:\/\/elcomercioenlinea.com\/index.php\/wp-json\/wp\/v2\/types\/product"}],"wp:featuredmedia":[{"embeddable":true,"href":"https:\/\/elcomercioenlinea.com\/index.php\/wp-json\/wp\/v2\/media\/3520"}],"wp:attachment":[{"href":"https:\/\/elcomercioenlinea.com\/index.php\/wp-json\/wp\/v2\/media?parent=3514"}],"wp:term":[{"taxonomy":"product_brand","embeddable":true,"href":"https:\/\/elcomercioenlinea.com\/index.php\/wp-json\/wp\/v2\/product_brand?post=3514"},{"taxonomy":"product_cat","embeddable":true,"href":"https:\/\/elcomercioenlinea.com\/index.php\/wp-json\/wp\/v2\/product_cat?post=3514"},{"taxonomy":"product_tag","embeddable":true,"href":"https:\/\/elcomercioenlinea.com\/index.php\/wp-json\/wp\/v2\/product_tag?post=3514"}],"curies":[{"name":"wp","href":"https:\/\/api.w.org\/{rel}","templated":true}]}}