{"id":3728,"date":"2026-01-29T17:28:44","date_gmt":"2026-01-29T22:28:44","guid":{"rendered":"https:\/\/elcomercioenlinea.com\/?post_type=product&#038;p=3728"},"modified":"2026-04-08T18:55:39","modified_gmt":"2026-04-08T23:55:39","slug":"masajeador-de-pies-ems-pro-2026","status":"publish","type":"product","link":"https:\/\/elcomercioenlinea.com\/index.php\/producto\/masajeador-de-pies-ems-pro-2026\/","title":{"rendered":"Masajeador de Pies EMS"},"content":{"rendered":"<div class=\"glass-card p-8 rounded-3xl bg-pastel-mint shadow-sm border-none\">\n<h3 class=\"text-xl font-bold mb-4 text-emerald-800 flex items-center gap-2\"><span class=\"p-2 bg-emerald-200 rounded-lg\">\u26a1<\/span>Tecnolog\u00eda EMS<\/h3>\n<p>Dise\u00f1ado con tecnolog\u00eda de Estimulaci\u00f3n Muscular El\u00e9ctrica de \u00faltima generaci\u00f3n para reactivar la circulaci\u00f3n y liberar tensiones.<\/p>\n<\/div>\n<div class=\"glass-card p-8 rounded-3xl bg-pastel-blue shadow-sm border-none\">\n<h3 class=\"text-xl font-bold mb-4 text-blue-800 flex items-center gap-2\"><span class=\"p-2 bg-blue-200 rounded-lg\">\ud83d\udc86\u200d\u2640\ufe0f<\/span>Ritual de Autocuidado<\/h3>\n<p>Ligero, port\u00e1til y f\u00e1cil de usar, convirti\u00e9ndose en el ritual que tus pies merecen cada d\u00eda sin pagar masajes costosos.<\/p>\n<\/div>\n<h3 class=\"text-2xl font-bold text-slate-900 mb-6\">Beneficios<\/h3>\n<ul class=\"space-y-4 list-none p-0\">\n<li class=\"flex items-start gap-4 p-4 hover:bg-pastel-peach rounded-2xl transition-colors\"><span class=\"text-2xl\">\u2728<\/span>\n<div><strong class=\"text-slate-900 block\">Alivia la sensaci\u00f3n de cansancio <\/strong>Siente c\u00f3mo la tecnolog\u00eda EMS disuelve la sensaci\u00f3n de fatiga y dolor en tus pies y piernas.<\/div>\n<\/li>\n<li class=\"flex items-start gap-4 p-4 hover:bg-pastel-peach rounded-2xl transition-colors\"><span class=\"text-2xl\">\ud83e\ude78<\/span>\n<div><strong class=\"text-slate-900 block\">Mejora la sensaci\u00f3n de Circulaci\u00f3n <\/strong>Estimula el flujo sangu\u00edneo, mejorando\u00a0 hinchaz\u00f3n y previniendo molestias futuras.<\/div>\n<\/li>\n<li class=\"flex items-start gap-4 p-4 hover:bg-pastel-peach rounded-2xl transition-colors\"><span class=\"text-2xl\">\ud83c\udfe0<\/span>\n<div><strong class=\"text-slate-900 block\">Relajaci\u00f3n Profunda en Casa <\/strong>Disfruta de una experiencia de spa personal, relajando todo tu cuerpo despu\u00e9s de un d\u00eda agitado.<\/div>\n<\/li>\n<li class=\"flex items-start gap-4 p-4 hover:bg-pastel-peach rounded-2xl transition-colors\"><span class=\"text-2xl\">\u2699\ufe0f<\/span>\n<div><strong class=\"text-slate-900 block\">Personalizaci\u00f3n Total <\/strong>M\u00faltiples modos y niveles de intensidad para ajustarse a tus necesidades espec\u00edficas.<\/div>\n<\/li>\n<\/ul>\n","protected":false},"excerpt":{"rendered":"<h3 class=\"text-2xl font-bold text-slate-900 mb-6\">Beneficios<\/h3>\n<ul class=\"space-y-4 list-none p-0\">\n<li class=\"flex items-start gap-4 p-4 hover:bg-pastel-peach rounded-2xl transition-colors\"><span class=\"text-2xl\">\u2728<\/span>\n<div><strong class=\"text-slate-900 block\">Alivia la sensaci\u00f3n de cansancio <\/strong>Siente c\u00f3mo la tecnolog\u00eda EMS disuelve la sensaci\u00f3n de fatiga y dolor en tus pies y piernas.<\/div>\n<\/li>\n<li class=\"flex items-start gap-4 p-4 hover:bg-pastel-peach rounded-2xl transition-colors\"><span class=\"text-2xl\">\ud83e\ude78<\/span>\n<div><strong class=\"text-slate-900 block\">Mejora la sensaci\u00f3n de Circulaci\u00f3n <\/strong>Estimula el flujo sangu\u00edneo, mejorando\u00a0 hinchaz\u00f3n y previniendo molestias futuras.<\/div>\n<\/li>\n<li class=\"flex items-start gap-4 p-4 hover:bg-pastel-peach rounded-2xl transition-colors\"><span class=\"text-2xl\">\ud83c\udfe0<\/span>\n<div><strong class=\"text-slate-900 block\">Relajaci\u00f3n Profunda en Casa <\/strong>Disfruta de una experiencia de spa personal, relajando todo tu cuerpo despu\u00e9s de un d\u00eda agitado.<\/div>\n<\/li>\n<li class=\"flex items-start gap-4 p-4 hover:bg-pastel-peach rounded-2xl transition-colors\"><span class=\"text-2xl\">\u2699\ufe0f<\/span>\n<div><strong class=\"text-slate-900 block\">Personalizaci\u00f3n Total <\/strong>M\u00faltiples modos y niveles de intensidad para ajustarse a tus necesidades espec\u00edficas.<\/div>\n<\/li>\n<\/ul>\n","protected":false},"featured_media":3730,"template":"","meta":[],"product_brand":[],"product_cat":[100,109],"product_tag":[148,57,150,55,128,147,146],"class_list":{"0":"post-3728","1":"product","2":"type-product","3":"status-publish","4":"has-post-thumbnail","6":"product_cat-bienestar","7":"product_cat-salud-y-bienestar","8":"product_tag-circulacion","9":"product_tag-masajeador","10":"product_tag-masajeador-piernas-y-pies","11":"product_tag-relajacion","12":"product_tag-relajante","13":"product_tag-relax","14":"product_tag-tapete","16":"first","17":"instock","18":"sale","19":"shipping-taxable","20":"purchasable","21":"product-type-simple"},"featured_image_urls":{"full":["https:\/\/elcomercioenlinea.com\/wp-content\/uploads\/2026\/01\/715plp99o6L._AC_SL1500_-2.jpg",1486,1474,false],"thumbnail":["https:\/\/elcomercioenlinea.com\/wp-content\/uploads\/2026\/01\/715plp99o6L._AC_SL1500_-2-150x150.jpg",150,150,true],"medium":["https:\/\/elcomercioenlinea.com\/wp-content\/uploads\/2026\/01\/715plp99o6L._AC_SL1500_-2-300x298.jpg",300,298,true],"medium_large":["https:\/\/elcomercioenlinea.com\/wp-content\/uploads\/2026\/01\/715plp99o6L._AC_SL1500_-2-768x762.jpg",768,762,true],"large":["https:\/\/elcomercioenlinea.com\/wp-content\/uploads\/2026\/01\/715plp99o6L._AC_SL1500_-2-1024x1016.jpg",1024,1016,true],"1536x1536":["https:\/\/elcomercioenlinea.com\/wp-content\/uploads\/2026\/01\/715plp99o6L._AC_SL1500_-2.jpg",1486,1474,false],"2048x2048":["https:\/\/elcomercioenlinea.com\/wp-content\/uploads\/2026\/01\/715plp99o6L._AC_SL1500_-2.jpg",1486,1474,false],"woocommerce_archive_thumbnail":["https:\/\/elcomercioenlinea.com\/wp-content\/uploads\/2026\/01\/715plp99o6L._AC_SL1500_-2-300x298.jpg",300,298,true],"woocommerce_thumbnail":["https:\/\/elcomercioenlinea.com\/wp-content\/uploads\/2026\/01\/715plp99o6L._AC_SL1500_-2-300x300.jpg",300,300,true],"woocommerce_single":["https:\/\/elcomercioenlinea.com\/wp-content\/uploads\/2026\/01\/715plp99o6L._AC_SL1500_-2-600x595.jpg",600,595,true],"woocommerce_gallery_thumbnail":["https:\/\/elcomercioenlinea.com\/wp-content\/uploads\/2026\/01\/715plp99o6L._AC_SL1500_-2-100x100.jpg",100,100,true]},"post_excerpt_stackable":"<h3 class=\"text-2xl font-bold text-slate-900 mb-6\">Beneficios<\/h3>\n<ul class=\"space-y-4 list-none p-0\">\n<li class=\"flex items-start gap-4 p-4 hover:bg-pastel-peach rounded-2xl transition-colors\"><span class=\"text-2xl\">\u2728<\/span>\n<div><strong class=\"text-slate-900 block\">Alivia la sensaci\u00f3n de cansancio <\/strong>Siente c\u00f3mo la tecnolog\u00eda EMS disuelve la sensaci\u00f3n de fatiga y dolor en tus pies y piernas.<\/div>\n<\/li>\n<li class=\"flex items-start gap-4 p-4 hover:bg-pastel-peach rounded-2xl transition-colors\"><span class=\"text-2xl\">\ud83e\ude78<\/span>\n<div><strong class=\"text-slate-900 block\">Mejora la sensaci\u00f3n de Circulaci\u00f3n <\/strong>Estimula el flujo sangu\u00edneo, mejorando\u00a0 hinchaz\u00f3n y previniendo molestias futuras.<\/div>\n<\/li>\n<li class=\"flex items-start gap-4 p-4 hover:bg-pastel-peach rounded-2xl transition-colors\"><span class=\"text-2xl\">\ud83c\udfe0<\/span>\n<div><strong class=\"text-slate-900 block\">Relajaci\u00f3n Profunda en Casa <\/strong>Disfruta de una experiencia de spa personal, relajando todo tu cuerpo despu\u00e9s de un d\u00eda agitado.<\/div>\n<\/li>\n<li class=\"flex items-start gap-4 p-4 hover:bg-pastel-peach rounded-2xl transition-colors\"><span class=\"text-2xl\">\u2699\ufe0f<\/span>\n<div><strong class=\"text-slate-900 block\">Personalizaci\u00f3n Total <\/strong>M\u00faltiples modos y niveles de intensidad para ajustarse a tus necesidades espec\u00edficas.<\/div>\n<\/li>\n<\/ul>\n","category_list":"","author_info":{"name":"","url":""},"comments_num":"0 comentarios","jetpack_sharing_enabled":true,"_links":{"self":[{"href":"https:\/\/elcomercioenlinea.com\/index.php\/wp-json\/wp\/v2\/product\/3728","targetHints":{"allow":["GET"]}}],"collection":[{"href":"https:\/\/elcomercioenlinea.com\/index.php\/wp-json\/wp\/v2\/product"}],"about":[{"href":"https:\/\/elcomercioenlinea.com\/index.php\/wp-json\/wp\/v2\/types\/product"}],"wp:featuredmedia":[{"embeddable":true,"href":"https:\/\/elcomercioenlinea.com\/index.php\/wp-json\/wp\/v2\/media\/3730"}],"wp:attachment":[{"href":"https:\/\/elcomercioenlinea.com\/index.php\/wp-json\/wp\/v2\/media?parent=3728"}],"wp:term":[{"taxonomy":"product_brand","embeddable":true,"href":"https:\/\/elcomercioenlinea.com\/index.php\/wp-json\/wp\/v2\/product_brand?post=3728"},{"taxonomy":"product_cat","embeddable":true,"href":"https:\/\/elcomercioenlinea.com\/index.php\/wp-json\/wp\/v2\/product_cat?post=3728"},{"taxonomy":"product_tag","embeddable":true,"href":"https:\/\/elcomercioenlinea.com\/index.php\/wp-json\/wp\/v2\/product_tag?post=3728"}],"curies":[{"name":"wp","href":"https:\/\/api.w.org\/{rel}","templated":true}]}}