{"id":57,"date":"2020-03-13T10:07:44","date_gmt":"2020-03-13T10:07:44","guid":{"rendered":"https:\/\/demo.creativethemes.com\/blocksy\/modern-shop\/?post_type=product&#038;p=57"},"modified":"2024-03-24T18:38:28","modified_gmt":"2024-03-24T23:38:28","slug":"fringilla-phasellus-faucus-scelerisque-eleifend-donec","status":"publish","type":"product","link":"https:\/\/elcomercioenlinea.com\/index.php\/producto\/fringilla-phasellus-faucus-scelerisque-eleifend-donec\/","title":{"rendered":"LUZ RECARGABLE PARA BICICLETA"},"content":{"rendered":"<ul>\n<li>La correa se adapta a las barras.<\/li>\n<li>Resistente al agua.<\/li>\n<li>3 modos de iluminaci\u00f3n.<\/li>\n<li>Cargador USB disponible.<\/li>\n<li>Dise\u00f1o de luz lateral.<\/li>\n<li>L\u00ednea de corte superior del frijol de la l\u00e1mpara.<\/li>\n<\/ul>\n<p><strong>ESPECIFICACIONES:<\/strong><\/p>\n<ul>\n<li>Fuente de alimentaci\u00f3n: bater\u00eda de pol\u00edmero de litio recargable por USB de 800 mAh.<\/li>\n<li>Tiempo de carga: 3hrs por USB.<\/li>\n<li>Material: aliado de aluminio, PC y ABS.<\/li>\n<li>Dimensi\u00f3n\/Peso: La66x An29 x Al22mm\/50g.<\/li>\n<li>Bombilla: LED CREE de alta potencia.<\/li>\n<\/ul>\n<h3>GARANT\u00cdA:<\/h3>\n<p>30 d\u00edas de garant\u00eda si presenta defectos de fabricaci\u00f3n, No cubre fallas por uso inadecuado.<\/p>\n","protected":false},"excerpt":{"rendered":"<p>Luz recargable para bicicleta<\/p>\n","protected":false},"featured_media":652,"template":"","meta":[],"product_brand":[],"product_cat":[19],"product_tag":[87,91,90,88,89],"class_list":{"0":"post-57","1":"product","2":"type-product","3":"status-publish","4":"has-post-thumbnail","6":"product_cat-vehiculos","7":"product_tag-bicicleta","8":"product_tag-iluminacion","9":"product_tag-ilumonacion","10":"product_tag-luz","11":"product_tag-recargable","13":"first","14":"instock","15":"shipping-taxable","16":"purchasable","17":"product-type-simple"},"featured_image_urls":{"full":["https:\/\/elcomercioenlinea.com\/wp-content\/uploads\/2020\/03\/17112081982029-6.jpeg",1080,1080,false],"thumbnail":["https:\/\/elcomercioenlinea.com\/wp-content\/uploads\/2020\/03\/17112081982029-6-150x150.jpeg",150,150,true],"medium":["https:\/\/elcomercioenlinea.com\/wp-content\/uploads\/2020\/03\/17112081982029-6-300x300.jpeg",300,300,true],"medium_large":["https:\/\/elcomercioenlinea.com\/wp-content\/uploads\/2020\/03\/17112081982029-6-768x768.jpeg",768,768,true],"large":["https:\/\/elcomercioenlinea.com\/wp-content\/uploads\/2020\/03\/17112081982029-6-1024x1024.jpeg",1024,1024,true],"1536x1536":["https:\/\/elcomercioenlinea.com\/wp-content\/uploads\/2020\/03\/17112081982029-6.jpeg",1080,1080,false],"2048x2048":["https:\/\/elcomercioenlinea.com\/wp-content\/uploads\/2020\/03\/17112081982029-6.jpeg",1080,1080,false],"woocommerce_archive_thumbnail":["https:\/\/elcomercioenlinea.com\/wp-content\/uploads\/2020\/03\/17112081982029-6-300x300.jpeg",300,300,true],"woocommerce_thumbnail":["https:\/\/elcomercioenlinea.com\/wp-content\/uploads\/2020\/03\/17112081982029-6-300x300.jpeg",300,300,true],"woocommerce_single":["https:\/\/elcomercioenlinea.com\/wp-content\/uploads\/2020\/03\/17112081982029-6-600x600.jpeg",600,600,true],"woocommerce_gallery_thumbnail":["https:\/\/elcomercioenlinea.com\/wp-content\/uploads\/2020\/03\/17112081982029-6-100x100.jpeg",100,100,true]},"post_excerpt_stackable":"<p>Luz recargable para bicicleta<\/p>\n","category_list":"","author_info":{"name":"","url":""},"comments_num":"1 comentario","jetpack_sharing_enabled":true,"_links":{"self":[{"href":"https:\/\/elcomercioenlinea.com\/index.php\/wp-json\/wp\/v2\/product\/57","targetHints":{"allow":["GET"]}}],"collection":[{"href":"https:\/\/elcomercioenlinea.com\/index.php\/wp-json\/wp\/v2\/product"}],"about":[{"href":"https:\/\/elcomercioenlinea.com\/index.php\/wp-json\/wp\/v2\/types\/product"}],"wp:featuredmedia":[{"embeddable":true,"href":"https:\/\/elcomercioenlinea.com\/index.php\/wp-json\/wp\/v2\/media\/652"}],"wp:attachment":[{"href":"https:\/\/elcomercioenlinea.com\/index.php\/wp-json\/wp\/v2\/media?parent=57"}],"wp:term":[{"taxonomy":"product_brand","embeddable":true,"href":"https:\/\/elcomercioenlinea.com\/index.php\/wp-json\/wp\/v2\/product_brand?post=57"},{"taxonomy":"product_cat","embeddable":true,"href":"https:\/\/elcomercioenlinea.com\/index.php\/wp-json\/wp\/v2\/product_cat?post=57"},{"taxonomy":"product_tag","embeddable":true,"href":"https:\/\/elcomercioenlinea.com\/index.php\/wp-json\/wp\/v2\/product_tag?post=57"}],"curies":[{"name":"wp","href":"https:\/\/api.w.org\/{rel}","templated":true}]}}