{"id":931,"date":"2024-05-02T11:11:46","date_gmt":"2024-05-02T16:11:46","guid":{"rendered":"https:\/\/elcomercioenlinea.com\/index.php\/producto\/masaje-alta-frecuencia-facial-y-capilar-electrodos\/"},"modified":"2024-05-02T11:30:12","modified_gmt":"2024-05-02T16:30:12","slug":"masaje-alta-frecuencia-facial-y-capilar-electrodos","status":"publish","type":"product","link":"https:\/\/elcomercioenlinea.com\/index.php\/producto\/masaje-alta-frecuencia-facial-y-capilar-electrodos\/","title":{"rendered":"Masaje Alta Frecuencia Facial y Capilar Electrodos"},"content":{"rendered":"<p>Ideal para tratamientos antiacn\u00e9, control seb\u00e1ceo del rostro, desinflamante, bactericida y estimulante del crecimiento capilar. Asimismo es un activador de la dermis y la epidermis<br \/>\nViene con 4 electrodos: Champi\u00f1\u00f3n, Cuchara, Puntual y Peine<br \/>\nSon cadenas el\u00e9ctricas y oscilaciones que intercambian de sentido constantemente y producen calor. Este efecto se da dentro de una c\u00e1nula de vidrio cargado de gas ne\u00f3n. La descarga el\u00e9ctrica que genera el electrodom\u00e9stico sobre la piel transforma el ox\u00edgeno del ambiente en ozono que garantiza la asepsia del \u00e1rea que fue aplicada. Es un inhibidor de bacterias.<br \/>\nEl calor sangu\u00edneo generado causa el aumento del flujo y por tanto una mayor oxigenaci\u00f3n de la piel.<\/p>\n<p>CONTENIDO:<br \/>\n\u2022asa para sujetar pelottes<br \/>\n\u2022cuatro almohadillas diferentes<br \/>\n\u2022cable de alimentaci\u00f3n<br \/>\n\u2022manual de usuario<br \/>\nGARANTIA: 30 d\u00edas por defectos de f\u00e1brica, es decir, si el producto lleg\u00f3 roto o sin funcionamiento.<\/p>\n<p>Si requieres garant\u00eda con nosotros d\u00e9janos un mensaje por interno y con mucho gusto te ayudaremos con el correspondiente cambio o devoluci\u00f3n.<\/p>\n<p>ENVIO GRATIS<\/p>\n","protected":false},"excerpt":{"rendered":"<p>Ideal para tratamientos antiacn\u00e9, control seb\u00e1ceo del rostro, desinflamante, bactericida y estimulante del crecimiento capilar. Asimismo es un activador de la dermis y la epidermis Viene con 4 electrodos: Champi\u00f1\u00f3n, Cuchara, Puntual y Peine Son cadenas el\u00e9ctricas y oscilaciones que intercambian de sentido constantemente y producen calor. Este efecto se da dentro de una c\u00e1nula [&hellip;]<\/p>\n","protected":false},"featured_media":933,"template":"","meta":[],"product_brand":[],"product_cat":[15,49,18],"product_tag":[],"class_list":{"0":"post-931","1":"product","2":"type-product","3":"status-publish","4":"has-post-thumbnail","6":"product_cat-sin-categoria","7":"product_cat-salud","8":"product_cat-tecnologia","10":"first","11":"instock","12":"shipping-taxable","13":"purchasable","14":"product-type-simple"},"featured_image_urls":{"full":["https:\/\/elcomercioenlinea.com\/wp-content\/uploads\/2024\/05\/725140.png",1080,980,false],"thumbnail":["https:\/\/elcomercioenlinea.com\/wp-content\/uploads\/2024\/05\/725140-150x150.png",150,150,true],"medium":["https:\/\/elcomercioenlinea.com\/wp-content\/uploads\/2024\/05\/725140-300x272.png",300,272,true],"medium_large":["https:\/\/elcomercioenlinea.com\/wp-content\/uploads\/2024\/05\/725140-768x697.png",768,697,true],"large":["https:\/\/elcomercioenlinea.com\/wp-content\/uploads\/2024\/05\/725140-1024x929.png",1024,929,true],"1536x1536":["https:\/\/elcomercioenlinea.com\/wp-content\/uploads\/2024\/05\/725140.png",1080,980,false],"2048x2048":["https:\/\/elcomercioenlinea.com\/wp-content\/uploads\/2024\/05\/725140.png",1080,980,false],"woocommerce_archive_thumbnail":["https:\/\/elcomercioenlinea.com\/wp-content\/uploads\/2024\/05\/725140-300x272.png",300,272,true],"woocommerce_thumbnail":["https:\/\/elcomercioenlinea.com\/wp-content\/uploads\/2024\/05\/725140-300x300.png",300,300,true],"woocommerce_single":["https:\/\/elcomercioenlinea.com\/wp-content\/uploads\/2024\/05\/725140-600x544.png",600,544,true],"woocommerce_gallery_thumbnail":["https:\/\/elcomercioenlinea.com\/wp-content\/uploads\/2024\/05\/725140-100x100.png",100,100,true]},"post_excerpt_stackable":"<p>Ideal para tratamientos antiacn\u00e9, control seb\u00e1ceo del rostro, desinflamante, bactericida y estimulante del crecimiento capilar. Asimismo es un activador de la dermis y la epidermis Viene con 4 electrodos: Champi\u00f1\u00f3n, Cuchara, Puntual y Peine Son cadenas el\u00e9ctricas y oscilaciones que intercambian de sentido constantemente y producen calor. Este efecto se da dentro de una c\u00e1nula de vidrio cargado de gas ne\u00f3n. La descarga el\u00e9ctrica que genera el electrodom\u00e9stico sobre la piel transforma el ox\u00edgeno del ambiente en ozono que garantiza la asepsia del \u00e1rea que fue aplicada. Es un inhibidor de bacterias. El calor sangu\u00edneo generado causa el aumento del&hellip;<\/p>\n","category_list":"","author_info":{"name":"","url":""},"comments_num":"0 comentarios","jetpack_sharing_enabled":true,"_links":{"self":[{"href":"https:\/\/elcomercioenlinea.com\/index.php\/wp-json\/wp\/v2\/product\/931","targetHints":{"allow":["GET"]}}],"collection":[{"href":"https:\/\/elcomercioenlinea.com\/index.php\/wp-json\/wp\/v2\/product"}],"about":[{"href":"https:\/\/elcomercioenlinea.com\/index.php\/wp-json\/wp\/v2\/types\/product"}],"wp:featuredmedia":[{"embeddable":true,"href":"https:\/\/elcomercioenlinea.com\/index.php\/wp-json\/wp\/v2\/media\/933"}],"wp:attachment":[{"href":"https:\/\/elcomercioenlinea.com\/index.php\/wp-json\/wp\/v2\/media?parent=931"}],"wp:term":[{"taxonomy":"product_brand","embeddable":true,"href":"https:\/\/elcomercioenlinea.com\/index.php\/wp-json\/wp\/v2\/product_brand?post=931"},{"taxonomy":"product_cat","embeddable":true,"href":"https:\/\/elcomercioenlinea.com\/index.php\/wp-json\/wp\/v2\/product_cat?post=931"},{"taxonomy":"product_tag","embeddable":true,"href":"https:\/\/elcomercioenlinea.com\/index.php\/wp-json\/wp\/v2\/product_tag?post=931"}],"curies":[{"name":"wp","href":"https:\/\/api.w.org\/{rel}","templated":true}]}}