{"id":944,"date":"2024-05-02T13:49:34","date_gmt":"2024-05-02T18:49:34","guid":{"rendered":"https:\/\/elcomercioenlinea.com\/index.php\/producto\/parlante-resistente-al-agua-bts06\/"},"modified":"2024-05-02T14:04:24","modified_gmt":"2024-05-02T19:04:24","slug":"parlante-resistente-al-agua-bts06","status":"publish","type":"product","link":"https:\/\/elcomercioenlinea.com\/index.php\/producto\/parlante-resistente-al-agua-bts06\/","title":{"rendered":"Parlante Resistente Al Agua BTS06"},"content":{"rendered":"<p><strong>PARLANTE IMPERMEABLE ALTAVOZ RECARGABLE DUCHA BLUETOOTH RESISTE AGUA<\/strong><br \/>\nEste parlante resiste el agua de manera directa, indirecta y el vapor, mientras que el alcance de su bluetooth es de 10 metros, para que tus dispositivos musicales est\u00e9n a salvo del da\u00f1ino ambiente h\u00famedo del ba\u00f1o. Cuenta con una entrada plug para cargar la bater\u00eda de litio, que alcanza hasta 6 horas de reproducci\u00f3n de m\u00fasica o de conversaci\u00f3n por tel\u00e9fono, para recibir esas llamadas que no pueden esperar.<br \/>\n-Los botones de control integrados permiten ajustar el volumen, e incluso detener el audio para contestar una llamada entrante.<br \/>\n<strong>CARACTERISTICAS<\/strong><br \/>\nModelo: BTS06<br \/>\nConexi\u00f3n: Bluetooth<br \/>\nAlcance: 10 metros<br \/>\nPotencia: 3W<br \/>\nBater\u00eda: 3.7V 400mah<br \/>\nTiempo en uso: 6 Horas<br \/>\nTiempo de carga: 2 Horas<br \/>\nAlimentaci\u00f3n: DC 5V 100-120mA<br \/>\nModo Manos libres: Si<br \/>\nResistencia al agua: IPX4<br \/>\nDimensiones: 8x8x3cm<br \/>\nColor: Se env\u00eda seg\u00fan disponibilidad<br \/>\n<strong>NOTA IMPORTANTE:<\/strong> Debido a la alta demanda de este articulo, el color se envia segun disponibilidad, puede recibir en cualquiera de los siguientes colores: Negro, Blanco, Rojo, Azul, Rosado y Verde.<br \/>\nLo que obtienes con tu compra:<br \/>\n1 x Parlante<br \/>\n1 x Cable de carga USB<\/p>\n","protected":false},"excerpt":{"rendered":"<p>PARLANTE IMPERMEABLE ALTAVOZ RECARGABLE DUCHA BLUETOOTH RESISTE AGUA Este parlante resiste el agua de manera directa, indirecta y el vapor, mientras que el alcance de su bluetooth es de 10 metros, para que tus dispositivos musicales est\u00e9n a salvo del da\u00f1ino ambiente h\u00famedo del ba\u00f1o. Cuenta con una entrada plug para cargar la bater\u00eda de [&hellip;]<\/p>\n","protected":false},"featured_media":945,"template":"","meta":[],"product_brand":[],"product_cat":[18],"product_tag":[],"class_list":{"0":"post-944","1":"product","2":"type-product","3":"status-publish","4":"has-post-thumbnail","6":"product_cat-tecnologia","8":"first","9":"instock","10":"sale","11":"shipping-taxable","12":"purchasable","13":"product-type-simple"},"featured_image_urls":{"full":["https:\/\/elcomercioenlinea.com\/wp-content\/uploads\/2024\/05\/510868.png",1000,1000,false],"thumbnail":["https:\/\/elcomercioenlinea.com\/wp-content\/uploads\/2024\/05\/510868-150x150.png",150,150,true],"medium":["https:\/\/elcomercioenlinea.com\/wp-content\/uploads\/2024\/05\/510868-300x300.png",300,300,true],"medium_large":["https:\/\/elcomercioenlinea.com\/wp-content\/uploads\/2024\/05\/510868-768x768.png",768,768,true],"large":["https:\/\/elcomercioenlinea.com\/wp-content\/uploads\/2024\/05\/510868.png",1000,1000,false],"1536x1536":["https:\/\/elcomercioenlinea.com\/wp-content\/uploads\/2024\/05\/510868.png",1000,1000,false],"2048x2048":["https:\/\/elcomercioenlinea.com\/wp-content\/uploads\/2024\/05\/510868.png",1000,1000,false],"woocommerce_archive_thumbnail":["https:\/\/elcomercioenlinea.com\/wp-content\/uploads\/2024\/05\/510868-300x300.png",300,300,true],"woocommerce_thumbnail":["https:\/\/elcomercioenlinea.com\/wp-content\/uploads\/2024\/05\/510868-300x300.png",300,300,true],"woocommerce_single":["https:\/\/elcomercioenlinea.com\/wp-content\/uploads\/2024\/05\/510868-600x600.png",600,600,true],"woocommerce_gallery_thumbnail":["https:\/\/elcomercioenlinea.com\/wp-content\/uploads\/2024\/05\/510868-100x100.png",100,100,true]},"post_excerpt_stackable":"<p>PARLANTE IMPERMEABLE ALTAVOZ RECARGABLE DUCHA BLUETOOTH RESISTE AGUA Este parlante resiste el agua de manera directa, indirecta y el vapor, mientras que el alcance de su bluetooth es de 10 metros, para que tus dispositivos musicales est\u00e9n a salvo del da\u00f1ino ambiente h\u00famedo del ba\u00f1o. Cuenta con una entrada plug para cargar la bater\u00eda de litio, que alcanza hasta 6 horas de reproducci\u00f3n de m\u00fasica o de conversaci\u00f3n por tel\u00e9fono, para recibir esas llamadas que no pueden esperar. -Los botones de control integrados permiten ajustar el volumen, e incluso detener el audio para contestar una llamada entrante. CARACTERISTICAS Modelo: BTS06&hellip;<\/p>\n","category_list":"","author_info":{"name":"","url":""},"comments_num":"0 comentarios","jetpack_sharing_enabled":true,"_links":{"self":[{"href":"https:\/\/elcomercioenlinea.com\/index.php\/wp-json\/wp\/v2\/product\/944","targetHints":{"allow":["GET"]}}],"collection":[{"href":"https:\/\/elcomercioenlinea.com\/index.php\/wp-json\/wp\/v2\/product"}],"about":[{"href":"https:\/\/elcomercioenlinea.com\/index.php\/wp-json\/wp\/v2\/types\/product"}],"wp:featuredmedia":[{"embeddable":true,"href":"https:\/\/elcomercioenlinea.com\/index.php\/wp-json\/wp\/v2\/media\/945"}],"wp:attachment":[{"href":"https:\/\/elcomercioenlinea.com\/index.php\/wp-json\/wp\/v2\/media?parent=944"}],"wp:term":[{"taxonomy":"product_brand","embeddable":true,"href":"https:\/\/elcomercioenlinea.com\/index.php\/wp-json\/wp\/v2\/product_brand?post=944"},{"taxonomy":"product_cat","embeddable":true,"href":"https:\/\/elcomercioenlinea.com\/index.php\/wp-json\/wp\/v2\/product_cat?post=944"},{"taxonomy":"product_tag","embeddable":true,"href":"https:\/\/elcomercioenlinea.com\/index.php\/wp-json\/wp\/v2\/product_tag?post=944"}],"curies":[{"name":"wp","href":"https:\/\/api.w.org\/{rel}","templated":true}]}}