{"id":953,"date":"2024-05-02T14:14:16","date_gmt":"2024-05-02T19:14:16","guid":{"rendered":"https:\/\/elcomercioenlinea.com\/index.php\/producto\/parlante-lampara-cargador-rgb-tipo-g\/"},"modified":"2024-07-20T19:11:35","modified_gmt":"2024-07-21T00:11:35","slug":"parlante-lampara-cargador-rgb-tipo-g","status":"publish","type":"product","link":"https:\/\/elcomercioenlinea.com\/index.php\/producto\/parlante-lampara-cargador-rgb-tipo-g\/","title":{"rendered":"Parlante L\u00e1mpara Cargador RGB Tipo G"},"content":{"rendered":"<p>CARACTERISTICAS:<\/p>\n<p>&#8211; Potencia: 5W<br \/>\n&#8211; Bater\u00eda: 3.7 V\/1800 mA<br \/>\n&#8211; Tiempo de carga: 2,5 horas<br \/>\n&#8211; Tiempo de uso: 2-3 horas<br \/>\n&#8211; Puerto de carga: TIPO C<br \/>\n&#8211; Entrada de carga: 5V\/2A<br \/>\n&#8211; Carga inal\u00e1mbrica: 15 W<br \/>\n&#8211; Fuente de alimentaci\u00f3n: 10 W<br \/>\n&#8211; Color de la luz: siete colores<br \/>\n&#8211; Bluetooth: 5,2 V<br \/>\n&#8211; Color: blanco<br \/>\n&#8211; Tama\u00f1o: 225*82*230mm<br \/>\n&#8211; Bater\u00eda: pol\u00edmero de litio<br \/>\n&#8211; Modo de luz: 6 tipos<br \/>\n&#8211; Material: ABS + ordenador<br \/>\n&#8211; Tama\u00f1o: 24*23*8cm<br \/>\n&#8211; M\u00e9todo de instalaci\u00f3n: escritorio<br \/>\n&#8211; Dise\u00f1o: En G Peso: 466 g<br \/>\n&#8211; Rango de conexi\u00f3n: 10 m, distancia sin barreras<br \/>\n&#8211; Tiene funci\u00f3n Bluetooth, FM , AUX, disco U, tarjeta TF 5 modos, puede elegir su favorito.<\/p>\n<p>CONTENIDO:<\/p>\n<p>&#8211; 1 lampara de mesa Smart<br \/>\n&#8211; 1 cable de carga<br \/>\n&#8211; 1 manual de usuario<br \/>\n&#8211; 1 Cable auxiliar 3.5mm<\/p>\n<p>GARANTIA: 30 d\u00edas por defectos de f\u00e1brica, es decir, si el producto lleg\u00f3 roto o sin funcionamiento.<\/p>\n","protected":false},"excerpt":{"rendered":"<p>CARACTERISTICAS: &#8211; Potencia: 5W &#8211; Bater\u00eda: 3.7 V\/1800 mA &#8211; Tiempo de carga: 2,5 horas &#8211; Tiempo de uso: 2-3 horas &#8211; Puerto de carga: TIPO C &#8211; Entrada de carga: 5V\/2A &#8211; Carga inal\u00e1mbrica: 15 W &#8211; Fuente de alimentaci\u00f3n: 10 W &#8211; Color de la luz: siete colores &#8211; Bluetooth: 5,2 V &#8211; [&hellip;]<\/p>\n","protected":false},"featured_media":954,"template":"","meta":[],"product_brand":[],"product_cat":[15],"product_tag":[],"class_list":{"0":"post-953","1":"product","2":"type-product","3":"status-publish","4":"has-post-thumbnail","6":"product_cat-sin-categoria","8":"first","9":"instock","10":"shipping-taxable","11":"purchasable","12":"product-type-simple"},"featured_image_urls":{"full":["https:\/\/elcomercioenlinea.com\/wp-content\/uploads\/2024\/05\/756476.png",1201,1188,false],"thumbnail":["https:\/\/elcomercioenlinea.com\/wp-content\/uploads\/2024\/05\/756476-150x150.png",150,150,true],"medium":["https:\/\/elcomercioenlinea.com\/wp-content\/uploads\/2024\/05\/756476-300x297.png",300,297,true],"medium_large":["https:\/\/elcomercioenlinea.com\/wp-content\/uploads\/2024\/05\/756476-768x760.png",768,760,true],"large":["https:\/\/elcomercioenlinea.com\/wp-content\/uploads\/2024\/05\/756476-1024x1013.png",1024,1013,true],"1536x1536":["https:\/\/elcomercioenlinea.com\/wp-content\/uploads\/2024\/05\/756476.png",1201,1188,false],"2048x2048":["https:\/\/elcomercioenlinea.com\/wp-content\/uploads\/2024\/05\/756476.png",1201,1188,false],"woocommerce_archive_thumbnail":["https:\/\/elcomercioenlinea.com\/wp-content\/uploads\/2024\/05\/756476-300x297.png",300,297,true],"woocommerce_thumbnail":["https:\/\/elcomercioenlinea.com\/wp-content\/uploads\/2024\/05\/756476-300x300.png",300,300,true],"woocommerce_single":["https:\/\/elcomercioenlinea.com\/wp-content\/uploads\/2024\/05\/756476-600x594.png",600,594,true],"woocommerce_gallery_thumbnail":["https:\/\/elcomercioenlinea.com\/wp-content\/uploads\/2024\/05\/756476-100x100.png",100,100,true]},"post_excerpt_stackable":"<p>CARACTERISTICAS: &#8211; Potencia: 5W &#8211; Bater\u00eda: 3.7 V\/1800 mA &#8211; Tiempo de carga: 2,5 horas &#8211; Tiempo de uso: 2-3 horas &#8211; Puerto de carga: TIPO C &#8211; Entrada de carga: 5V\/2A &#8211; Carga inal\u00e1mbrica: 15 W &#8211; Fuente de alimentaci\u00f3n: 10 W &#8211; Color de la luz: siete colores &#8211; Bluetooth: 5,2 V &#8211; Color: blanco &#8211; Tama\u00f1o: 225*82*230mm &#8211; Bater\u00eda: pol\u00edmero de litio &#8211; Modo de luz: 6 tipos &#8211; Material: ABS + ordenador &#8211; Tama\u00f1o: 24*23*8cm &#8211; M\u00e9todo de instalaci\u00f3n: escritorio &#8211; Dise\u00f1o: En G Peso: 466 g &#8211; Rango de conexi\u00f3n: 10 m, distancia sin barreras&hellip;<\/p>\n","category_list":"","author_info":{"name":"","url":""},"comments_num":"0 comentarios","jetpack_sharing_enabled":true,"_links":{"self":[{"href":"https:\/\/elcomercioenlinea.com\/index.php\/wp-json\/wp\/v2\/product\/953","targetHints":{"allow":["GET"]}}],"collection":[{"href":"https:\/\/elcomercioenlinea.com\/index.php\/wp-json\/wp\/v2\/product"}],"about":[{"href":"https:\/\/elcomercioenlinea.com\/index.php\/wp-json\/wp\/v2\/types\/product"}],"wp:featuredmedia":[{"embeddable":true,"href":"https:\/\/elcomercioenlinea.com\/index.php\/wp-json\/wp\/v2\/media\/954"}],"wp:attachment":[{"href":"https:\/\/elcomercioenlinea.com\/index.php\/wp-json\/wp\/v2\/media?parent=953"}],"wp:term":[{"taxonomy":"product_brand","embeddable":true,"href":"https:\/\/elcomercioenlinea.com\/index.php\/wp-json\/wp\/v2\/product_brand?post=953"},{"taxonomy":"product_cat","embeddable":true,"href":"https:\/\/elcomercioenlinea.com\/index.php\/wp-json\/wp\/v2\/product_cat?post=953"},{"taxonomy":"product_tag","embeddable":true,"href":"https:\/\/elcomercioenlinea.com\/index.php\/wp-json\/wp\/v2\/product_tag?post=953"}],"curies":[{"name":"wp","href":"https:\/\/api.w.org\/{rel}","templated":true}]}}